{"id":6234,"date":"2024-02-19T17:18:41","date_gmt":"2024-02-19T09:18:41","guid":{"rendered":"https:\/\/njspike.com\/?post_type=product&#038;p=6234"},"modified":"2025-03-14T11:45:10","modified_gmt":"2025-03-14T03:45:10","slug":"ssp019-space-outdoor-slide","status":"publish","type":"product","link":"https:\/\/njspike.com\/de\/produkt\/ssp019-space-outdoor-slide\/","title":{"rendered":"SSP019 Raumfahrt-Rutsche f\u00fcr drau\u00dfen"},"content":{"rendered":"<p><strong>Stehende S\u00e4ule<\/strong>: 114mm Rohr<br \/>\n<strong>Gr\u00f6\u00dfe<\/strong>: 1190*490*530cm \/ 469*193*209inch<br \/>\n<strong>Material<\/strong>: Verzinktes Stahlrohr + LLDPE<br \/>\n<strong>Alter f\u00fcr<\/strong>: 3-15 Jahre<\/p>","protected":false},"excerpt":{"rendered":"<p>Upright Post: 114mm Tube Size: 1190*490*530cm \/ 469*193*209inch Material: Galvanized Steel Tube + LLDPE Age for: 3-15 Years<\/p>","protected":false},"featured_media":6171,"template":"","meta":[],"product_brand":[],"product_cat":[228],"product_tag":[],"class_list":{"0":"post-6234","1":"product","2":"type-product","3":"status-publish","4":"has-post-thumbnail","6":"product_cat-114mm-tube-slide","8":"first","9":"instock","10":"shipping-taxable","11":"product-type-simple"},"yoast_head":"<!-- This site is optimized with the Yoast SEO Premium plugin v24.5 (Yoast SEO v27.3) - https:\/\/yoast.com\/product\/yoast-seo-premium-wordpress\/ -->\n<title>SSP019 Space Outdoor Slide - SPIKE<\/title>\n<meta name=\"robots\" content=\"index, follow, max-snippet:-1, max-image-preview:large, max-video-preview:-1\" \/>\n<link rel=\"canonical\" href=\"https:\/\/njspike.com\/de\/produkt\/ssp019-space-outdoor-slide\/\" \/>\n<meta property=\"og:locale\" content=\"de_DE\" \/>\n<meta property=\"og:type\" content=\"article\" \/>\n<meta property=\"og:title\" content=\"SSP019 Space Outdoor Slide\" \/>\n<meta property=\"og:description\" content=\"Upright Post: 114mm Tube Size: 1190*490*530cm \/ 469*193*209inch Material: Galvanized Steel Tube + LLDPE Age for: 3-15 Years\" \/>\n<meta property=\"og:url\" content=\"https:\/\/njspike.com\/de\/produkt\/ssp019-space-outdoor-slide\/\" \/>\n<meta property=\"og:site_name\" content=\"SPIKE\" \/>\n<meta property=\"article:publisher\" content=\"https:\/\/www.facebook.com\/spikeamusement\" \/>\n<meta property=\"article:modified_time\" content=\"2025-03-14T03:45:10+00:00\" \/>\n<meta property=\"og:image\" content=\"https:\/\/njspike.com\/wp-content\/uploads\/2024\/02\/04001-jpg.webp\" \/>\n\t<meta property=\"og:image:width\" content=\"1200\" \/>\n\t<meta property=\"og:image:height\" content=\"1200\" \/>\n\t<meta property=\"og:image:type\" content=\"image\/jpeg\" \/>\n<meta name=\"twitter:card\" content=\"summary_large_image\" \/>\n<meta name=\"twitter:label1\" content=\"Gesch\u00e4tzte Lesezeit\" \/>\n\t<meta name=\"twitter:data1\" content=\"1\u00a0Minute\" \/>\n<script type=\"application\/ld+json\" class=\"yoast-schema-graph\">{\"@context\":\"https:\\\/\\\/schema.org\",\"@graph\":[{\"@type\":\"WebPage\",\"@id\":\"https:\\\/\\\/njspike.com\\\/product\\\/ssp019-space-outdoor-slide\\\/\",\"url\":\"https:\\\/\\\/njspike.com\\\/product\\\/ssp019-space-outdoor-slide\\\/\",\"name\":\"SSP019 Space Outdoor Slide - SPIKE\",\"isPartOf\":{\"@id\":\"https:\\\/\\\/njspike.com\\\/#website\"},\"primaryImageOfPage\":{\"@id\":\"https:\\\/\\\/njspike.com\\\/product\\\/ssp019-space-outdoor-slide\\\/#primaryimage\"},\"image\":{\"@id\":\"https:\\\/\\\/njspike.com\\\/product\\\/ssp019-space-outdoor-slide\\\/#primaryimage\"},\"thumbnailUrl\":\"https:\\\/\\\/njspike.com\\\/wp-content\\\/uploads\\\/2024\\\/02\\\/04001-jpg.webp\",\"datePublished\":\"2024-02-19T09:18:41+00:00\",\"dateModified\":\"2025-03-14T03:45:10+00:00\",\"breadcrumb\":{\"@id\":\"https:\\\/\\\/njspike.com\\\/product\\\/ssp019-space-outdoor-slide\\\/#breadcrumb\"},\"inLanguage\":\"de\",\"potentialAction\":[{\"@type\":\"ReadAction\",\"target\":[\"https:\\\/\\\/njspike.com\\\/product\\\/ssp019-space-outdoor-slide\\\/\"]}]},{\"@type\":\"ImageObject\",\"inLanguage\":\"de\",\"@id\":\"https:\\\/\\\/njspike.com\\\/product\\\/ssp019-space-outdoor-slide\\\/#primaryimage\",\"url\":\"https:\\\/\\\/njspike.com\\\/wp-content\\\/uploads\\\/2024\\\/02\\\/04001-jpg.webp\",\"contentUrl\":\"https:\\\/\\\/njspike.com\\\/wp-content\\\/uploads\\\/2024\\\/02\\\/04001-jpg.webp\",\"width\":1200,\"height\":1200},{\"@type\":\"BreadcrumbList\",\"@id\":\"https:\\\/\\\/njspike.com\\\/product\\\/ssp019-space-outdoor-slide\\\/#breadcrumb\",\"itemListElement\":[{\"@type\":\"ListItem\",\"position\":1,\"name\":\"SPIKE\",\"item\":\"https:\\\/\\\/njspike.com\\\/\"},{\"@type\":\"ListItem\",\"position\":2,\"name\":\"\u4ea7\u54c1\",\"item\":\"https:\\\/\\\/njspike.com\\\/shop\\\/\"},{\"@type\":\"ListItem\",\"position\":3,\"name\":\"SSP019 Space Outdoor Slide\"}]},{\"@type\":\"WebSite\",\"@id\":\"https:\\\/\\\/njspike.com\\\/#website\",\"url\":\"https:\\\/\\\/njspike.com\\\/\",\"name\":\"Children Playground\",\"description\":\"Professional Children Playground Supplier\",\"publisher\":{\"@id\":\"https:\\\/\\\/njspike.com\\\/#organization\"},\"potentialAction\":[{\"@type\":\"SearchAction\",\"target\":{\"@type\":\"EntryPoint\",\"urlTemplate\":\"https:\\\/\\\/njspike.com\\\/?s={search_term_string}\"},\"query-input\":{\"@type\":\"PropertyValueSpecification\",\"valueRequired\":true,\"valueName\":\"search_term_string\"}}],\"inLanguage\":\"de\"},{\"@type\":\"Organization\",\"@id\":\"https:\\\/\\\/njspike.com\\\/#organization\",\"name\":\"Spike Anusement Equipments\",\"url\":\"https:\\\/\\\/njspike.com\\\/\",\"logo\":{\"@type\":\"ImageObject\",\"inLanguage\":\"de\",\"@id\":\"https:\\\/\\\/njspike.com\\\/#\\\/schema\\\/logo\\\/image\\\/\",\"url\":\"https:\\\/\\\/njspike.com\\\/wp-content\\\/uploads\\\/2023\\\/05\\\/logo-\u5c0f.png\",\"contentUrl\":\"https:\\\/\\\/njspike.com\\\/wp-content\\\/uploads\\\/2023\\\/05\\\/logo-\u5c0f.png\",\"width\":500,\"height\":233,\"caption\":\"Spike Anusement Equipments\"},\"image\":{\"@id\":\"https:\\\/\\\/njspike.com\\\/#\\\/schema\\\/logo\\\/image\\\/\"},\"sameAs\":[\"https:\\\/\\\/www.facebook.com\\\/spikeamusement\"]}]}<\/script>\n<!-- \/ Yoast SEO Premium plugin. -->","yoast_head_json":{"title":"SSP019 Space Outdoor Slide - SPIKE","robots":{"index":"index","follow":"follow","max-snippet":"max-snippet:-1","max-image-preview":"max-image-preview:large","max-video-preview":"max-video-preview:-1"},"canonical":"https:\/\/njspike.com\/de\/produkt\/ssp019-space-outdoor-slide\/","og_locale":"de_DE","og_type":"article","og_title":"SSP019 Space Outdoor Slide","og_description":"Upright Post: 114mm Tube Size: 1190*490*530cm \/ 469*193*209inch Material: Galvanized Steel Tube + LLDPE Age for: 3-15 Years","og_url":"https:\/\/njspike.com\/de\/produkt\/ssp019-space-outdoor-slide\/","og_site_name":"SPIKE","article_publisher":"https:\/\/www.facebook.com\/spikeamusement","article_modified_time":"2025-03-14T03:45:10+00:00","og_image":[{"width":1200,"height":1200,"url":"https:\/\/njspike.com\/wp-content\/uploads\/2024\/02\/04001-jpg.webp","type":"image\/jpeg"}],"twitter_card":"summary_large_image","twitter_misc":{"Gesch\u00e4tzte Lesezeit":"1\u00a0Minute"},"schema":{"@context":"https:\/\/schema.org","@graph":[{"@type":"WebPage","@id":"https:\/\/njspike.com\/product\/ssp019-space-outdoor-slide\/","url":"https:\/\/njspike.com\/product\/ssp019-space-outdoor-slide\/","name":"SSP019 Space Outdoor Slide - SPIKE","isPartOf":{"@id":"https:\/\/njspike.com\/#website"},"primaryImageOfPage":{"@id":"https:\/\/njspike.com\/product\/ssp019-space-outdoor-slide\/#primaryimage"},"image":{"@id":"https:\/\/njspike.com\/product\/ssp019-space-outdoor-slide\/#primaryimage"},"thumbnailUrl":"https:\/\/njspike.com\/wp-content\/uploads\/2024\/02\/04001-jpg.webp","datePublished":"2024-02-19T09:18:41+00:00","dateModified":"2025-03-14T03:45:10+00:00","breadcrumb":{"@id":"https:\/\/njspike.com\/product\/ssp019-space-outdoor-slide\/#breadcrumb"},"inLanguage":"de","potentialAction":[{"@type":"ReadAction","target":["https:\/\/njspike.com\/product\/ssp019-space-outdoor-slide\/"]}]},{"@type":"ImageObject","inLanguage":"de","@id":"https:\/\/njspike.com\/product\/ssp019-space-outdoor-slide\/#primaryimage","url":"https:\/\/njspike.com\/wp-content\/uploads\/2024\/02\/04001-jpg.webp","contentUrl":"https:\/\/njspike.com\/wp-content\/uploads\/2024\/02\/04001-jpg.webp","width":1200,"height":1200},{"@type":"BreadcrumbList","@id":"https:\/\/njspike.com\/product\/ssp019-space-outdoor-slide\/#breadcrumb","itemListElement":[{"@type":"ListItem","position":1,"name":"SPIKE","item":"https:\/\/njspike.com\/"},{"@type":"ListItem","position":2,"name":"\u4ea7\u54c1","item":"https:\/\/njspike.com\/shop\/"},{"@type":"ListItem","position":3,"name":"SSP019 Space Outdoor Slide"}]},{"@type":"WebSite","@id":"https:\/\/njspike.com\/#website","url":"https:\/\/njspike.com\/","name":"Children Playground","description":"Professional Children Playground Supplier","publisher":{"@id":"https:\/\/njspike.com\/#organization"},"potentialAction":[{"@type":"SearchAction","target":{"@type":"EntryPoint","urlTemplate":"https:\/\/njspike.com\/?s={search_term_string}"},"query-input":{"@type":"PropertyValueSpecification","valueRequired":true,"valueName":"search_term_string"}}],"inLanguage":"de"},{"@type":"Organization","@id":"https:\/\/njspike.com\/#organization","name":"Spike Anusement Equipments","url":"https:\/\/njspike.com\/","logo":{"@type":"ImageObject","inLanguage":"de","@id":"https:\/\/njspike.com\/#\/schema\/logo\/image\/","url":"https:\/\/njspike.com\/wp-content\/uploads\/2023\/05\/logo-\u5c0f.png","contentUrl":"https:\/\/njspike.com\/wp-content\/uploads\/2023\/05\/logo-\u5c0f.png","width":500,"height":233,"caption":"Spike Anusement Equipments"},"image":{"@id":"https:\/\/njspike.com\/#\/schema\/logo\/image\/"},"sameAs":["https:\/\/www.facebook.com\/spikeamusement"]}]}},"_links":{"self":[{"href":"https:\/\/njspike.com\/de\/wp-json\/wp\/v2\/product\/6234","targetHints":{"allow":["GET"]}}],"collection":[{"href":"https:\/\/njspike.com\/de\/wp-json\/wp\/v2\/product"}],"about":[{"href":"https:\/\/njspike.com\/de\/wp-json\/wp\/v2\/types\/product"}],"version-history":[{"count":2,"href":"https:\/\/njspike.com\/de\/wp-json\/wp\/v2\/product\/6234\/revisions"}],"predecessor-version":[{"id":6235,"href":"https:\/\/njspike.com\/de\/wp-json\/wp\/v2\/product\/6234\/revisions\/6235"}],"wp:featuredmedia":[{"embeddable":true,"href":"https:\/\/njspike.com\/de\/wp-json\/wp\/v2\/media\/6171"}],"wp:attachment":[{"href":"https:\/\/njspike.com\/de\/wp-json\/wp\/v2\/media?parent=6234"}],"wp:term":[{"taxonomy":"product_brand","embeddable":true,"href":"https:\/\/njspike.com\/de\/wp-json\/wp\/v2\/product_brand?post=6234"},{"taxonomy":"product_cat","embeddable":true,"href":"https:\/\/njspike.com\/de\/wp-json\/wp\/v2\/product_cat?post=6234"},{"taxonomy":"product_tag","embeddable":true,"href":"https:\/\/njspike.com\/de\/wp-json\/wp\/v2\/product_tag?post=6234"}],"curies":[{"name":"wp","href":"https:\/\/api.w.org\/{rel}","templated":true}]}}