{"id":9563,"date":"2025-05-14T17:00:30","date_gmt":"2025-05-14T09:00:30","guid":{"rendered":"https:\/\/njspike.com\/?post_type=product&#038;p=9563"},"modified":"2025-05-14T17:12:09","modified_gmt":"2025-05-14T09:12:09","slug":"spk221-children-plastic-sensory-training-equipment","status":"publish","type":"product","link":"https:\/\/njspike.com\/de\/produkt\/spk221-children-plastic-sensory-training-equipment\/","title":{"rendered":"SPK221 Kunststoff-Sensorik-Trainingsger\u00e4te f\u00fcr Kinder"},"content":{"rendered":"<p><strong>Einf\u00fchrung des Produkts:<\/strong><br \/>\nDie Spiele f\u00fcr die k\u00f6rperliche Fitness im Freien bestehen aus Hauptteilen, Verbindungsst\u00fccken, zus\u00e4tzlichem Zubeh\u00f6r, erweiterten Taschen und Aufbewahrungsmaterialien. Die Hauptteile, Verbindungsst\u00fccke, zus\u00e4tzliches Zubeh\u00f6r und erweiterte Taschen k\u00f6nnen eine Vielzahl von Sportwegen bauen, damit Kinder den Spa\u00df und die Herausforderungen des Sports in Sportspielen erleben k\u00f6nnen.<\/p>\n<p><strong>Produktmerkmale:<\/strong><br \/>\nKinderfreundliches Design, sicher, stabil und einfach zu bedienen, gro\u00dfe abgerundete Ecken zum Schutz der Sicherheit der Kinder Produkte<\/p>\n<p><strong>H\u00f6hepunkte:<\/strong><br \/>\nVerschlei\u00dffest und alterungsbest\u00e4ndig, geeignet f\u00fcr verschiedene Veranstaltungsorte, multidirektionale Erweiterung, spielerisch und unterhaltsam, stabile innere Struktur, verbessert umfassend die F\u00e4higkeiten der Kinder, bereichert das Spielerlebnis der Kinder, f\u00f6rdert die k\u00f6rperliche und geistige Gesundheit der Kinder und kultiviert die Kooperationsf\u00e4higkeit der Kinder<\/p>\n<p>&nbsp;<\/p>\n<p><strong>SPK22101: 17St\u00fcck\/Satz<\/strong><\/p>\n<p><img fetchpriority=\"high\" decoding=\"async\" class=\"alignnone size-full wp-image-9566\" src=\"https:\/\/njspike.com\/wp-content\/uploads\/2025\/05\/SPK22101-1.jpg\" alt=\"\" width=\"1200\" height=\"641\" srcset=\"https:\/\/njspike.com\/wp-content\/uploads\/2025\/05\/SPK22101-1.jpg 1200w, https:\/\/njspike.com\/wp-content\/smush-webp\/2025\/05\/SPK22101-1-300x160.jpg.webp 300w, https:\/\/njspike.com\/wp-content\/smush-webp\/2025\/05\/SPK22101-1-1024x547.jpg.webp 1024w, https:\/\/njspike.com\/wp-content\/smush-webp\/2025\/05\/SPK22101-1-768x410.jpg.webp 768w, https:\/\/njspike.com\/wp-content\/smush-webp\/2025\/05\/SPK22101-1-18x10.jpg.webp 18w, https:\/\/njspike.com\/wp-content\/smush-webp\/2025\/05\/SPK22101-1-600x321.jpg.webp 600w\" sizes=\"(max-width: 1200px) 100vw, 1200px\" \/><\/p>\n<p><strong>SPK22102: 26St\u00fcck\/Satz<br \/>\n<\/strong><\/p>\n<p><img decoding=\"async\" class=\"alignnone size-full wp-image-9568 lazyload\" data-src=\"https:\/\/njspike.com\/wp-content\/uploads\/2025\/05\/SPK22102-1.jpg\" alt=\"\" width=\"1200\" height=\"808\" data-srcset=\"https:\/\/njspike.com\/wp-content\/uploads\/2025\/05\/SPK22102-1.jpg 1200w, https:\/\/njspike.com\/wp-content\/smush-webp\/2025\/05\/SPK22102-1-300x202.jpg.webp 300w, https:\/\/njspike.com\/wp-content\/smush-webp\/2025\/05\/SPK22102-1-1024x689.jpg.webp 1024w, https:\/\/njspike.com\/wp-content\/smush-webp\/2025\/05\/SPK22102-1-768x517.jpg.webp 768w, https:\/\/njspike.com\/wp-content\/smush-webp\/2025\/05\/SPK22102-1-18x12.jpg.webp 18w, https:\/\/njspike.com\/wp-content\/smush-webp\/2025\/05\/SPK22102-1-600x404.jpg.webp 600w\" data-sizes=\"(max-width: 1200px) 100vw, 1200px\" src=\"data:image\/gif;base64,R0lGODlhAQABAAAAACH5BAEKAAEALAAAAAABAAEAAAICTAEAOw==\" style=\"--smush-placeholder-width: 1200px; --smush-placeholder-aspect-ratio: 1200\/808;\" \/><\/p>\n<p><strong>SPK22103: 22St\u00fcck\/Satz<br \/>\n<\/strong><\/p>\n<p><img decoding=\"async\" class=\"alignnone size-full wp-image-9570 lazyload\" data-src=\"https:\/\/njspike.com\/wp-content\/uploads\/2025\/05\/SPK22103-1.jpg\" alt=\"\" width=\"1200\" height=\"675\" data-srcset=\"https:\/\/njspike.com\/wp-content\/uploads\/2025\/05\/SPK22103-1.jpg 1200w, https:\/\/njspike.com\/wp-content\/smush-webp\/2025\/05\/SPK22103-1-300x169.jpg.webp 300w, https:\/\/njspike.com\/wp-content\/smush-webp\/2025\/05\/SPK22103-1-1024x576.jpg.webp 1024w, https:\/\/njspike.com\/wp-content\/smush-webp\/2025\/05\/SPK22103-1-768x432.jpg.webp 768w, https:\/\/njspike.com\/wp-content\/smush-webp\/2025\/05\/SPK22103-1-18x10.jpg.webp 18w, https:\/\/njspike.com\/wp-content\/smush-webp\/2025\/05\/SPK22103-1-600x338.jpg.webp 600w\" data-sizes=\"(max-width: 1200px) 100vw, 1200px\" src=\"data:image\/gif;base64,R0lGODlhAQABAAAAACH5BAEKAAEALAAAAAABAAEAAAICTAEAOw==\" style=\"--smush-placeholder-width: 1200px; --smush-placeholder-aspect-ratio: 1200\/675;\" \/><\/p>\n<p><strong>SPK22104: 30St\u00fcck\/Satz<br \/>\n<\/strong><\/p>\n<p><img decoding=\"async\" class=\"alignnone size-full wp-image-9572 lazyload\" data-src=\"https:\/\/njspike.com\/wp-content\/uploads\/2025\/05\/SPK22104-1.jpg\" alt=\"\" width=\"1200\" height=\"620\" data-srcset=\"https:\/\/njspike.com\/wp-content\/uploads\/2025\/05\/SPK22104-1.jpg 1200w, https:\/\/njspike.com\/wp-content\/smush-webp\/2025\/05\/SPK22104-1-300x155.jpg.webp 300w, https:\/\/njspike.com\/wp-content\/smush-webp\/2025\/05\/SPK22104-1-1024x529.jpg.webp 1024w, https:\/\/njspike.com\/wp-content\/smush-webp\/2025\/05\/SPK22104-1-768x397.jpg.webp 768w, https:\/\/njspike.com\/wp-content\/smush-webp\/2025\/05\/SPK22104-1-18x9.jpg.webp 18w, https:\/\/njspike.com\/wp-content\/smush-webp\/2025\/05\/SPK22104-1-600x310.jpg.webp 600w\" data-sizes=\"(max-width: 1200px) 100vw, 1200px\" src=\"data:image\/gif;base64,R0lGODlhAQABAAAAACH5BAEKAAEALAAAAAABAAEAAAICTAEAOw==\" style=\"--smush-placeholder-width: 1200px; --smush-placeholder-aspect-ratio: 1200\/620;\" \/><\/p>\n<p><strong>SPK22105: 29St\u00fcck\/Satz<br \/>\n<\/strong><\/p>\n<p><img decoding=\"async\" class=\"alignnone size-full wp-image-9574 lazyload\" data-src=\"https:\/\/njspike.com\/wp-content\/uploads\/2025\/05\/SPK22105-1.jpg\" alt=\"\" width=\"1200\" height=\"715\" data-srcset=\"https:\/\/njspike.com\/wp-content\/uploads\/2025\/05\/SPK22105-1.jpg 1200w, https:\/\/njspike.com\/wp-content\/smush-webp\/2025\/05\/SPK22105-1-300x179.jpg.webp 300w, https:\/\/njspike.com\/wp-content\/smush-webp\/2025\/05\/SPK22105-1-1024x610.jpg.webp 1024w, https:\/\/njspike.com\/wp-content\/smush-webp\/2025\/05\/SPK22105-1-768x458.jpg.webp 768w, https:\/\/njspike.com\/wp-content\/smush-webp\/2025\/05\/SPK22105-1-18x12.jpg.webp 18w, https:\/\/njspike.com\/wp-content\/smush-webp\/2025\/05\/SPK22105-1-600x358.jpg.webp 600w\" data-sizes=\"(max-width: 1200px) 100vw, 1200px\" src=\"data:image\/gif;base64,R0lGODlhAQABAAAAACH5BAEKAAEALAAAAAABAAEAAAICTAEAOw==\" style=\"--smush-placeholder-width: 1200px; --smush-placeholder-aspect-ratio: 1200\/715;\" \/><\/p>\n<p><strong>SPK22106: 38St\u00fcck\/Satz<br \/>\n<\/strong><\/p>\n<p><img decoding=\"async\" class=\"alignnone size-full wp-image-9576 lazyload\" data-src=\"https:\/\/njspike.com\/wp-content\/uploads\/2025\/05\/SPK22106-1.jpg\" alt=\"\" width=\"1200\" height=\"692\" data-srcset=\"https:\/\/njspike.com\/wp-content\/uploads\/2025\/05\/SPK22106-1.jpg 1200w, https:\/\/njspike.com\/wp-content\/smush-webp\/2025\/05\/SPK22106-1-300x173.jpg.webp 300w, https:\/\/njspike.com\/wp-content\/smush-webp\/2025\/05\/SPK22106-1-1024x591.jpg.webp 1024w, https:\/\/njspike.com\/wp-content\/smush-webp\/2025\/05\/SPK22106-1-768x443.jpg.webp 768w, https:\/\/njspike.com\/wp-content\/smush-webp\/2025\/05\/SPK22106-1-18x10.jpg.webp 18w, https:\/\/njspike.com\/wp-content\/smush-webp\/2025\/05\/SPK22106-1-600x346.jpg.webp 600w\" data-sizes=\"(max-width: 1200px) 100vw, 1200px\" src=\"data:image\/gif;base64,R0lGODlhAQABAAAAACH5BAEKAAEALAAAAAABAAEAAAICTAEAOw==\" style=\"--smush-placeholder-width: 1200px; --smush-placeholder-aspect-ratio: 1200\/692;\" \/><\/p>\n<p><strong>SPK22107: 37St\u00fcck\/Satz<br \/>\n<\/strong><\/p>\n<p><img decoding=\"async\" class=\"alignnone size-full wp-image-9578 lazyload\" data-src=\"https:\/\/njspike.com\/wp-content\/uploads\/2025\/05\/SPK22107-1.jpg\" alt=\"\" width=\"1200\" height=\"671\" data-srcset=\"https:\/\/njspike.com\/wp-content\/uploads\/2025\/05\/SPK22107-1.jpg 1200w, https:\/\/njspike.com\/wp-content\/smush-webp\/2025\/05\/SPK22107-1-300x168.jpg.webp 300w, https:\/\/njspike.com\/wp-content\/smush-webp\/2025\/05\/SPK22107-1-1024x573.jpg.webp 1024w, https:\/\/njspike.com\/wp-content\/smush-webp\/2025\/05\/SPK22107-1-768x429.jpg.webp 768w, https:\/\/njspike.com\/wp-content\/smush-webp\/2025\/05\/SPK22107-1-18x10.jpg.webp 18w, https:\/\/njspike.com\/wp-content\/smush-webp\/2025\/05\/SPK22107-1-600x336.jpg.webp 600w\" data-sizes=\"(max-width: 1200px) 100vw, 1200px\" src=\"data:image\/gif;base64,R0lGODlhAQABAAAAACH5BAEKAAEALAAAAAABAAEAAAICTAEAOw==\" style=\"--smush-placeholder-width: 1200px; --smush-placeholder-aspect-ratio: 1200\/671;\" \/><\/p>\n<p><strong>SPK22108: 48St\u00fcck\/Satz<br \/>\n<\/strong><\/p>\n<p><img decoding=\"async\" class=\"alignnone size-full wp-image-9580 lazyload\" data-src=\"https:\/\/njspike.com\/wp-content\/uploads\/2025\/05\/SPK22108-1.jpg\" alt=\"\" width=\"1200\" height=\"635\" data-srcset=\"https:\/\/njspike.com\/wp-content\/uploads\/2025\/05\/SPK22108-1.jpg 1200w, https:\/\/njspike.com\/wp-content\/smush-webp\/2025\/05\/SPK22108-1-300x159.jpg.webp 300w, https:\/\/njspike.com\/wp-content\/smush-webp\/2025\/05\/SPK22108-1-1024x542.jpg.webp 1024w, https:\/\/njspike.com\/wp-content\/smush-webp\/2025\/05\/SPK22108-1-768x406.jpg.webp 768w, https:\/\/njspike.com\/wp-content\/smush-webp\/2025\/05\/SPK22108-1-18x10.jpg.webp 18w, https:\/\/njspike.com\/wp-content\/smush-webp\/2025\/05\/SPK22108-1-600x318.jpg.webp 600w\" data-sizes=\"(max-width: 1200px) 100vw, 1200px\" src=\"data:image\/gif;base64,R0lGODlhAQABAAAAACH5BAEKAAEALAAAAAABAAEAAAICTAEAOw==\" style=\"--smush-placeholder-width: 1200px; --smush-placeholder-aspect-ratio: 1200\/635;\" \/><\/p>\n<p><strong>SPK22109: 60 St\u00fcck\/Satz<br \/>\n<\/strong><\/p>\n<p><img decoding=\"async\" class=\"alignnone size-full wp-image-9582 lazyload\" data-src=\"https:\/\/njspike.com\/wp-content\/uploads\/2025\/05\/SPK22109-1.jpg\" alt=\"\" width=\"1200\" height=\"571\" data-srcset=\"https:\/\/njspike.com\/wp-content\/uploads\/2025\/05\/SPK22109-1.jpg 1200w, https:\/\/njspike.com\/wp-content\/smush-webp\/2025\/05\/SPK22109-1-300x143.jpg.webp 300w, https:\/\/njspike.com\/wp-content\/smush-webp\/2025\/05\/SPK22109-1-1024x487.jpg.webp 1024w, https:\/\/njspike.com\/wp-content\/smush-webp\/2025\/05\/SPK22109-1-768x365.jpg.webp 768w, https:\/\/njspike.com\/wp-content\/smush-webp\/2025\/05\/SPK22109-1-18x9.jpg.webp 18w, https:\/\/njspike.com\/wp-content\/smush-webp\/2025\/05\/SPK22109-1-600x286.jpg.webp 600w\" data-sizes=\"(max-width: 1200px) 100vw, 1200px\" src=\"data:image\/gif;base64,R0lGODlhAQABAAAAACH5BAEKAAEALAAAAAABAAEAAAICTAEAOw==\" style=\"--smush-placeholder-width: 1200px; --smush-placeholder-aspect-ratio: 1200\/571;\" \/><\/p>","protected":false},"excerpt":{"rendered":"<p>Product introduction: Outdoor physical fitness games are composed of main parts, connectors, additional accessories, advanced bags and storage materials. The main parts, connectors, additional accessories and advanced bags can build a variety of sports paths to allow children to experience the fun and challenges of sports in sports games. Product features: Child-friendly design, safe, stable [&hellip;]<\/p>","protected":false},"featured_media":9581,"template":"","meta":[],"product_brand":[],"product_cat":[243],"product_tag":[],"class_list":{"0":"post-9563","1":"product","2":"type-product","3":"status-publish","4":"has-post-thumbnail","6":"product_cat-sensory-training-equipment-preschool-education","8":"first","9":"instock","10":"shipping-taxable","11":"product-type-simple"},"yoast_head":"<!-- This site is optimized with the Yoast SEO Premium plugin v24.5 (Yoast SEO v27.5) - https:\/\/yoast.com\/product\/yoast-seo-premium-wordpress\/ -->\n<title>SPK221 Children Plastic Sensory Training Equipment - SPIKE<\/title>\n<meta name=\"robots\" content=\"index, follow, max-snippet:-1, max-image-preview:large, max-video-preview:-1\" \/>\n<link rel=\"canonical\" href=\"https:\/\/njspike.com\/de\/produkt\/spk221-children-plastic-sensory-training-equipment\/\" \/>\n<meta property=\"og:locale\" content=\"de_DE\" \/>\n<meta property=\"og:type\" content=\"article\" \/>\n<meta property=\"og:title\" content=\"SPK221 Children Plastic Sensory Training Equipment\" \/>\n<meta property=\"og:description\" content=\"Product introduction: Outdoor physical fitness games are composed of main parts, connectors, additional accessories, advanced bags and storage materials. The main parts, connectors, additional accessories and advanced bags can build a variety of sports paths to allow children to experience the fun and challenges of sports in sports games. Product features: Child-friendly design, safe, stable [&hellip;]\" \/>\n<meta property=\"og:url\" content=\"https:\/\/njspike.com\/de\/produkt\/spk221-children-plastic-sensory-training-equipment\/\" \/>\n<meta property=\"og:site_name\" content=\"SPIKE\" \/>\n<meta property=\"article:publisher\" content=\"https:\/\/www.facebook.com\/spikeamusement\" \/>\n<meta property=\"article:modified_time\" content=\"2025-05-14T09:12:09+00:00\" \/>\n<meta property=\"og:image\" content=\"https:\/\/njspike.com\/wp-content\/uploads\/2025\/05\/SPK22109.jpg\" \/>\n\t<meta property=\"og:image:width\" content=\"1200\" \/>\n\t<meta property=\"og:image:height\" content=\"1200\" \/>\n\t<meta property=\"og:image:type\" content=\"image\/jpeg\" \/>\n<meta name=\"twitter:card\" content=\"summary_large_image\" \/>\n<meta name=\"twitter:label1\" content=\"Gesch\u00e4tzte Lesezeit\" \/>\n\t<meta name=\"twitter:data1\" content=\"3\u00a0Minuten\" \/>\n<script type=\"application\/ld+json\" class=\"yoast-schema-graph\">{\"@context\":\"https:\\\/\\\/schema.org\",\"@graph\":[{\"@type\":\"WebPage\",\"@id\":\"https:\\\/\\\/njspike.com\\\/product\\\/spk221-children-plastic-sensory-training-equipment\\\/\",\"url\":\"https:\\\/\\\/njspike.com\\\/product\\\/spk221-children-plastic-sensory-training-equipment\\\/\",\"name\":\"SPK221 Children Plastic Sensory Training Equipment - SPIKE\",\"isPartOf\":{\"@id\":\"https:\\\/\\\/njspike.com\\\/#website\"},\"primaryImageOfPage\":{\"@id\":\"https:\\\/\\\/njspike.com\\\/product\\\/spk221-children-plastic-sensory-training-equipment\\\/#primaryimage\"},\"image\":{\"@id\":\"https:\\\/\\\/njspike.com\\\/product\\\/spk221-children-plastic-sensory-training-equipment\\\/#primaryimage\"},\"thumbnailUrl\":\"https:\\\/\\\/njspike.com\\\/wp-content\\\/uploads\\\/2025\\\/05\\\/SPK22109.jpg\",\"datePublished\":\"2025-05-14T09:00:30+00:00\",\"dateModified\":\"2025-05-14T09:12:09+00:00\",\"breadcrumb\":{\"@id\":\"https:\\\/\\\/njspike.com\\\/product\\\/spk221-children-plastic-sensory-training-equipment\\\/#breadcrumb\"},\"inLanguage\":\"de\",\"potentialAction\":[{\"@type\":\"ReadAction\",\"target\":[\"https:\\\/\\\/njspike.com\\\/product\\\/spk221-children-plastic-sensory-training-equipment\\\/\"]}]},{\"@type\":\"ImageObject\",\"inLanguage\":\"de\",\"@id\":\"https:\\\/\\\/njspike.com\\\/product\\\/spk221-children-plastic-sensory-training-equipment\\\/#primaryimage\",\"url\":\"https:\\\/\\\/njspike.com\\\/wp-content\\\/uploads\\\/2025\\\/05\\\/SPK22109.jpg\",\"contentUrl\":\"https:\\\/\\\/njspike.com\\\/wp-content\\\/uploads\\\/2025\\\/05\\\/SPK22109.jpg\",\"width\":1200,\"height\":1200},{\"@type\":\"BreadcrumbList\",\"@id\":\"https:\\\/\\\/njspike.com\\\/product\\\/spk221-children-plastic-sensory-training-equipment\\\/#breadcrumb\",\"itemListElement\":[{\"@type\":\"ListItem\",\"position\":1,\"name\":\"SPIKE\",\"item\":\"https:\\\/\\\/njspike.com\\\/\"},{\"@type\":\"ListItem\",\"position\":2,\"name\":\"\u4ea7\u54c1\",\"item\":\"https:\\\/\\\/njspike.com\\\/shop\\\/\"},{\"@type\":\"ListItem\",\"position\":3,\"name\":\"SPK221 Children Plastic Sensory Training Equipment\"}]},{\"@type\":\"WebSite\",\"@id\":\"https:\\\/\\\/njspike.com\\\/#website\",\"url\":\"https:\\\/\\\/njspike.com\\\/\",\"name\":\"Children Playground\",\"description\":\"Professional Children Playground Supplier\",\"publisher\":{\"@id\":\"https:\\\/\\\/njspike.com\\\/#organization\"},\"potentialAction\":[{\"@type\":\"SearchAction\",\"target\":{\"@type\":\"EntryPoint\",\"urlTemplate\":\"https:\\\/\\\/njspike.com\\\/?s={search_term_string}\"},\"query-input\":{\"@type\":\"PropertyValueSpecification\",\"valueRequired\":true,\"valueName\":\"search_term_string\"}}],\"inLanguage\":\"de\"},{\"@type\":\"Organization\",\"@id\":\"https:\\\/\\\/njspike.com\\\/#organization\",\"name\":\"Spike Anusement Equipments\",\"url\":\"https:\\\/\\\/njspike.com\\\/\",\"logo\":{\"@type\":\"ImageObject\",\"inLanguage\":\"de\",\"@id\":\"https:\\\/\\\/njspike.com\\\/#\\\/schema\\\/logo\\\/image\\\/\",\"url\":\"https:\\\/\\\/njspike.com\\\/wp-content\\\/uploads\\\/2023\\\/05\\\/logo-\u5c0f.png\",\"contentUrl\":\"https:\\\/\\\/njspike.com\\\/wp-content\\\/uploads\\\/2023\\\/05\\\/logo-\u5c0f.png\",\"width\":500,\"height\":233,\"caption\":\"Spike Anusement Equipments\"},\"image\":{\"@id\":\"https:\\\/\\\/njspike.com\\\/#\\\/schema\\\/logo\\\/image\\\/\"},\"sameAs\":[\"https:\\\/\\\/www.facebook.com\\\/spikeamusement\"]}]}<\/script>\n<!-- \/ Yoast SEO Premium plugin. -->","yoast_head_json":{"title":"SPK221 Children Plastic Sensory Training Equipment - SPIKE","robots":{"index":"index","follow":"follow","max-snippet":"max-snippet:-1","max-image-preview":"max-image-preview:large","max-video-preview":"max-video-preview:-1"},"canonical":"https:\/\/njspike.com\/de\/produkt\/spk221-children-plastic-sensory-training-equipment\/","og_locale":"de_DE","og_type":"article","og_title":"SPK221 Children Plastic Sensory Training Equipment","og_description":"Product introduction: Outdoor physical fitness games are composed of main parts, connectors, additional accessories, advanced bags and storage materials. The main parts, connectors, additional accessories and advanced bags can build a variety of sports paths to allow children to experience the fun and challenges of sports in sports games. Product features: Child-friendly design, safe, stable [&hellip;]","og_url":"https:\/\/njspike.com\/de\/produkt\/spk221-children-plastic-sensory-training-equipment\/","og_site_name":"SPIKE","article_publisher":"https:\/\/www.facebook.com\/spikeamusement","article_modified_time":"2025-05-14T09:12:09+00:00","og_image":[{"width":1200,"height":1200,"url":"https:\/\/njspike.com\/wp-content\/uploads\/2025\/05\/SPK22109.jpg","type":"image\/jpeg"}],"twitter_card":"summary_large_image","twitter_misc":{"Gesch\u00e4tzte Lesezeit":"3\u00a0Minuten"},"schema":{"@context":"https:\/\/schema.org","@graph":[{"@type":"WebPage","@id":"https:\/\/njspike.com\/product\/spk221-children-plastic-sensory-training-equipment\/","url":"https:\/\/njspike.com\/product\/spk221-children-plastic-sensory-training-equipment\/","name":"SPK221 Children Plastic Sensory Training Equipment - SPIKE","isPartOf":{"@id":"https:\/\/njspike.com\/#website"},"primaryImageOfPage":{"@id":"https:\/\/njspike.com\/product\/spk221-children-plastic-sensory-training-equipment\/#primaryimage"},"image":{"@id":"https:\/\/njspike.com\/product\/spk221-children-plastic-sensory-training-equipment\/#primaryimage"},"thumbnailUrl":"https:\/\/njspike.com\/wp-content\/uploads\/2025\/05\/SPK22109.jpg","datePublished":"2025-05-14T09:00:30+00:00","dateModified":"2025-05-14T09:12:09+00:00","breadcrumb":{"@id":"https:\/\/njspike.com\/product\/spk221-children-plastic-sensory-training-equipment\/#breadcrumb"},"inLanguage":"de","potentialAction":[{"@type":"ReadAction","target":["https:\/\/njspike.com\/product\/spk221-children-plastic-sensory-training-equipment\/"]}]},{"@type":"ImageObject","inLanguage":"de","@id":"https:\/\/njspike.com\/product\/spk221-children-plastic-sensory-training-equipment\/#primaryimage","url":"https:\/\/njspike.com\/wp-content\/uploads\/2025\/05\/SPK22109.jpg","contentUrl":"https:\/\/njspike.com\/wp-content\/uploads\/2025\/05\/SPK22109.jpg","width":1200,"height":1200},{"@type":"BreadcrumbList","@id":"https:\/\/njspike.com\/product\/spk221-children-plastic-sensory-training-equipment\/#breadcrumb","itemListElement":[{"@type":"ListItem","position":1,"name":"SPIKE","item":"https:\/\/njspike.com\/"},{"@type":"ListItem","position":2,"name":"\u4ea7\u54c1","item":"https:\/\/njspike.com\/shop\/"},{"@type":"ListItem","position":3,"name":"SPK221 Children Plastic Sensory Training Equipment"}]},{"@type":"WebSite","@id":"https:\/\/njspike.com\/#website","url":"https:\/\/njspike.com\/","name":"Children Playground","description":"Professional Children Playground Supplier","publisher":{"@id":"https:\/\/njspike.com\/#organization"},"potentialAction":[{"@type":"SearchAction","target":{"@type":"EntryPoint","urlTemplate":"https:\/\/njspike.com\/?s={search_term_string}"},"query-input":{"@type":"PropertyValueSpecification","valueRequired":true,"valueName":"search_term_string"}}],"inLanguage":"de"},{"@type":"Organization","@id":"https:\/\/njspike.com\/#organization","name":"Spike Anusement Equipments","url":"https:\/\/njspike.com\/","logo":{"@type":"ImageObject","inLanguage":"de","@id":"https:\/\/njspike.com\/#\/schema\/logo\/image\/","url":"https:\/\/njspike.com\/wp-content\/uploads\/2023\/05\/logo-\u5c0f.png","contentUrl":"https:\/\/njspike.com\/wp-content\/uploads\/2023\/05\/logo-\u5c0f.png","width":500,"height":233,"caption":"Spike Anusement Equipments"},"image":{"@id":"https:\/\/njspike.com\/#\/schema\/logo\/image\/"},"sameAs":["https:\/\/www.facebook.com\/spikeamusement"]}]}},"_links":{"self":[{"href":"https:\/\/njspike.com\/de\/wp-json\/wp\/v2\/product\/9563","targetHints":{"allow":["GET"]}}],"collection":[{"href":"https:\/\/njspike.com\/de\/wp-json\/wp\/v2\/product"}],"about":[{"href":"https:\/\/njspike.com\/de\/wp-json\/wp\/v2\/types\/product"}],"version-history":[{"count":4,"href":"https:\/\/njspike.com\/de\/wp-json\/wp\/v2\/product\/9563\/revisions"}],"predecessor-version":[{"id":9590,"href":"https:\/\/njspike.com\/de\/wp-json\/wp\/v2\/product\/9563\/revisions\/9590"}],"wp:featuredmedia":[{"embeddable":true,"href":"https:\/\/njspike.com\/de\/wp-json\/wp\/v2\/media\/9581"}],"wp:attachment":[{"href":"https:\/\/njspike.com\/de\/wp-json\/wp\/v2\/media?parent=9563"}],"wp:term":[{"taxonomy":"product_brand","embeddable":true,"href":"https:\/\/njspike.com\/de\/wp-json\/wp\/v2\/product_brand?post=9563"},{"taxonomy":"product_cat","embeddable":true,"href":"https:\/\/njspike.com\/de\/wp-json\/wp\/v2\/product_cat?post=9563"},{"taxonomy":"product_tag","embeddable":true,"href":"https:\/\/njspike.com\/de\/wp-json\/wp\/v2\/product_tag?post=9563"}],"curies":[{"name":"wp","href":"https:\/\/api.w.org\/{rel}","templated":true}]}}