{"id":6536,"date":"2024-02-22T21:51:34","date_gmt":"2024-02-22T13:51:34","guid":{"rendered":"https:\/\/njspike.com\/?post_type=product&#038;p=6536"},"modified":"2025-03-13T23:37:38","modified_gmt":"2025-03-13T15:37:38","slug":"sbw002-ocean-ball-washing-disinfection-machine","status":"publish","type":"product","link":"https:\/\/njspike.com\/es\/producto\/sbw002-ocean-ball-washing-disinfection-machine\/","title":{"rendered":"SBW002 M\u00e1quina de lavado y desinfecci\u00f3n de bolas oce\u00e1nicas"},"content":{"rendered":"<p>Funci\u00f3n del producto:<br \/>\n1. Puede transferir f\u00e1cilmente la bola oce\u00e1nica a la zona designada.<br \/>\n2. Atomozation funci\u00f3n de desinfecci\u00f3n, puede desinfectar los juguetes de interior y spray de bolas de mar, efectivamente matar enterovious, pseudomonas aeruginosa, candialbicans, moho, para el maldeh\u00eddo y otras bacterias da\u00f1inas, prevenir eficazmente las enfermedades infecciosas, tales como la mano pie boca influenza y as\u00ed sucesivamente.<br \/>\n3. Puede descontaminar y desinfectar las bolas de oc\u00e9ano. Puede limpiar las manchas de la superficie con un cepillo de entrada de 360 grados, y luego humidificar las bolas de oc\u00e9ano en todas las direcciones por atomizaci\u00f3n en la m\u00e1quina. Despu\u00e9s de todo el proceso, las bolas de oc\u00e9ano est\u00e1n limpias y sin olor.<\/p>\n<p><img fetchpriority=\"high\" decoding=\"async\" class=\"alignnone wp-image-6537 size-full\" src=\"https:\/\/njspike.com\/wp-content\/uploads\/2024\/02\/SBW002-1-jpg-e1708610038499.webp\" alt=\"\" width=\"1199\" height=\"1158\" srcset=\"https:\/\/njspike.com\/wp-content\/uploads\/2024\/02\/SBW002-1-jpg-e1708610038499.webp 1199w, https:\/\/njspike.com\/wp-content\/uploads\/2024\/02\/SBW002-1-jpg-e1708610038499-600x579.webp 600w, https:\/\/njspike.com\/wp-content\/uploads\/2024\/02\/SBW002-1-jpg-e1708610038499-300x290.webp 300w, https:\/\/njspike.com\/wp-content\/uploads\/2024\/02\/SBW002-1-jpg-e1708610038499-1024x989.webp 1024w, https:\/\/njspike.com\/wp-content\/uploads\/2024\/02\/SBW002-1-jpg-e1708610038499-768x742.webp 768w\" sizes=\"(max-width: 1199px) 100vw, 1199px\" \/><\/p>","protected":false},"excerpt":{"rendered":"<p>Product Function: 1. Can easily transfer the ocean ball to the designated area. 2. Atomozation disinfection function, it can disinfect indoor toys and sea ball spray, effectively kill enterovious, pseudomonas aeruginosa, candialbicans, mold, for maldehyde and other harmful bacteria, effectively prevent infectious diseases, such as hand foot mouth influenza and so on. 3. It can [&hellip;]<\/p>","protected":false},"featured_media":6537,"template":"","meta":[],"product_brand":[],"product_cat":[226],"product_tag":[],"class_list":{"0":"post-6536","1":"product","2":"type-product","3":"status-publish","4":"has-post-thumbnail","6":"product_cat-indoor-playground-equipments","8":"first","9":"instock","10":"downloadable","11":"shipping-taxable","12":"product-type-simple"},"yoast_head":"<!-- This site is optimized with the Yoast SEO Premium plugin v24.5 (Yoast SEO v27.5) - https:\/\/yoast.com\/product\/yoast-seo-premium-wordpress\/ -->\n<title>SBW002 Ocean Ball Washing Disinfection Machine - SPIKE<\/title>\n<meta name=\"robots\" content=\"index, follow, max-snippet:-1, max-image-preview:large, max-video-preview:-1\" \/>\n<link rel=\"canonical\" href=\"https:\/\/njspike.com\/es\/producto\/sbw002-ocean-ball-washing-disinfection-machine\/\" \/>\n<meta property=\"og:locale\" content=\"es_ES\" \/>\n<meta property=\"og:type\" content=\"article\" \/>\n<meta property=\"og:title\" content=\"SBW002 Ocean Ball Washing Disinfection Machine\" \/>\n<meta property=\"og:description\" content=\"Product Function: 1. Can easily transfer the ocean ball to the designated area. 2. Atomozation disinfection function, it can disinfect indoor toys and sea ball spray, effectively kill enterovious, pseudomonas aeruginosa, candialbicans, mold, for maldehyde and other harmful bacteria, effectively prevent infectious diseases, such as hand foot mouth influenza and so on. 3. It can [&hellip;]\" \/>\n<meta property=\"og:url\" content=\"https:\/\/njspike.com\/es\/producto\/sbw002-ocean-ball-washing-disinfection-machine\/\" \/>\n<meta property=\"og:site_name\" content=\"SPIKE\" \/>\n<meta property=\"article:publisher\" content=\"https:\/\/www.facebook.com\/spikeamusement\" \/>\n<meta property=\"article:modified_time\" content=\"2025-03-13T15:37:38+00:00\" \/>\n<meta property=\"og:image\" content=\"https:\/\/njspike.com\/wp-content\/uploads\/2024\/02\/SBW002-1-jpg-e1708610038499.webp\" \/>\n\t<meta property=\"og:image:width\" content=\"1199\" \/>\n\t<meta property=\"og:image:height\" content=\"1158\" \/>\n\t<meta property=\"og:image:type\" content=\"image\/jpeg\" \/>\n<meta name=\"twitter:card\" content=\"summary_large_image\" \/>\n<meta name=\"twitter:label1\" content=\"Tiempo de lectura\" \/>\n\t<meta name=\"twitter:data1\" content=\"1 minuto\" \/>\n<script type=\"application\/ld+json\" class=\"yoast-schema-graph\">{\"@context\":\"https:\\\/\\\/schema.org\",\"@graph\":[{\"@type\":\"WebPage\",\"@id\":\"https:\\\/\\\/njspike.com\\\/product\\\/sbw002-ocean-ball-washing-disinfection-machine\\\/\",\"url\":\"https:\\\/\\\/njspike.com\\\/product\\\/sbw002-ocean-ball-washing-disinfection-machine\\\/\",\"name\":\"SBW002 Ocean Ball Washing Disinfection Machine - SPIKE\",\"isPartOf\":{\"@id\":\"https:\\\/\\\/njspike.com\\\/#website\"},\"primaryImageOfPage\":{\"@id\":\"https:\\\/\\\/njspike.com\\\/product\\\/sbw002-ocean-ball-washing-disinfection-machine\\\/#primaryimage\"},\"image\":{\"@id\":\"https:\\\/\\\/njspike.com\\\/product\\\/sbw002-ocean-ball-washing-disinfection-machine\\\/#primaryimage\"},\"thumbnailUrl\":\"https:\\\/\\\/njspike.com\\\/wp-content\\\/uploads\\\/2024\\\/02\\\/SBW002-1-jpg-e1708610038499.webp\",\"datePublished\":\"2024-02-22T13:51:34+00:00\",\"dateModified\":\"2025-03-13T15:37:38+00:00\",\"breadcrumb\":{\"@id\":\"https:\\\/\\\/njspike.com\\\/product\\\/sbw002-ocean-ball-washing-disinfection-machine\\\/#breadcrumb\"},\"inLanguage\":\"es\",\"potentialAction\":[{\"@type\":\"ReadAction\",\"target\":[\"https:\\\/\\\/njspike.com\\\/product\\\/sbw002-ocean-ball-washing-disinfection-machine\\\/\"]}]},{\"@type\":\"ImageObject\",\"inLanguage\":\"es\",\"@id\":\"https:\\\/\\\/njspike.com\\\/product\\\/sbw002-ocean-ball-washing-disinfection-machine\\\/#primaryimage\",\"url\":\"https:\\\/\\\/njspike.com\\\/wp-content\\\/uploads\\\/2024\\\/02\\\/SBW002-1-jpg-e1708610038499.webp\",\"contentUrl\":\"https:\\\/\\\/njspike.com\\\/wp-content\\\/uploads\\\/2024\\\/02\\\/SBW002-1-jpg-e1708610038499.webp\",\"width\":1199,\"height\":1158},{\"@type\":\"BreadcrumbList\",\"@id\":\"https:\\\/\\\/njspike.com\\\/product\\\/sbw002-ocean-ball-washing-disinfection-machine\\\/#breadcrumb\",\"itemListElement\":[{\"@type\":\"ListItem\",\"position\":1,\"name\":\"SPIKE\",\"item\":\"https:\\\/\\\/njspike.com\\\/\"},{\"@type\":\"ListItem\",\"position\":2,\"name\":\"\u4ea7\u54c1\",\"item\":\"https:\\\/\\\/njspike.com\\\/shop\\\/\"},{\"@type\":\"ListItem\",\"position\":3,\"name\":\"SBW002 Ocean Ball Washing Disinfection Machine\"}]},{\"@type\":\"WebSite\",\"@id\":\"https:\\\/\\\/njspike.com\\\/#website\",\"url\":\"https:\\\/\\\/njspike.com\\\/\",\"name\":\"Children Playground\",\"description\":\"Professional Children Playground Supplier\",\"publisher\":{\"@id\":\"https:\\\/\\\/njspike.com\\\/#organization\"},\"potentialAction\":[{\"@type\":\"SearchAction\",\"target\":{\"@type\":\"EntryPoint\",\"urlTemplate\":\"https:\\\/\\\/njspike.com\\\/?s={search_term_string}\"},\"query-input\":{\"@type\":\"PropertyValueSpecification\",\"valueRequired\":true,\"valueName\":\"search_term_string\"}}],\"inLanguage\":\"es\"},{\"@type\":\"Organization\",\"@id\":\"https:\\\/\\\/njspike.com\\\/#organization\",\"name\":\"Spike Anusement Equipments\",\"url\":\"https:\\\/\\\/njspike.com\\\/\",\"logo\":{\"@type\":\"ImageObject\",\"inLanguage\":\"es\",\"@id\":\"https:\\\/\\\/njspike.com\\\/#\\\/schema\\\/logo\\\/image\\\/\",\"url\":\"https:\\\/\\\/njspike.com\\\/wp-content\\\/uploads\\\/2023\\\/05\\\/logo-\u5c0f.png\",\"contentUrl\":\"https:\\\/\\\/njspike.com\\\/wp-content\\\/uploads\\\/2023\\\/05\\\/logo-\u5c0f.png\",\"width\":500,\"height\":233,\"caption\":\"Spike Anusement Equipments\"},\"image\":{\"@id\":\"https:\\\/\\\/njspike.com\\\/#\\\/schema\\\/logo\\\/image\\\/\"},\"sameAs\":[\"https:\\\/\\\/www.facebook.com\\\/spikeamusement\"]}]}<\/script>\n<!-- \/ Yoast SEO Premium plugin. -->","yoast_head_json":{"title":"SBW002 Ocean Ball Washing Disinfection Machine - SPIKE","robots":{"index":"index","follow":"follow","max-snippet":"max-snippet:-1","max-image-preview":"max-image-preview:large","max-video-preview":"max-video-preview:-1"},"canonical":"https:\/\/njspike.com\/es\/producto\/sbw002-ocean-ball-washing-disinfection-machine\/","og_locale":"es_ES","og_type":"article","og_title":"SBW002 Ocean Ball Washing Disinfection Machine","og_description":"Product Function: 1. Can easily transfer the ocean ball to the designated area. 2. Atomozation disinfection function, it can disinfect indoor toys and sea ball spray, effectively kill enterovious, pseudomonas aeruginosa, candialbicans, mold, for maldehyde and other harmful bacteria, effectively prevent infectious diseases, such as hand foot mouth influenza and so on. 3. It can [&hellip;]","og_url":"https:\/\/njspike.com\/es\/producto\/sbw002-ocean-ball-washing-disinfection-machine\/","og_site_name":"SPIKE","article_publisher":"https:\/\/www.facebook.com\/spikeamusement","article_modified_time":"2025-03-13T15:37:38+00:00","og_image":[{"width":1199,"height":1158,"url":"https:\/\/njspike.com\/wp-content\/uploads\/2024\/02\/SBW002-1-jpg-e1708610038499.webp","type":"image\/jpeg"}],"twitter_card":"summary_large_image","twitter_misc":{"Tiempo de lectura":"1 minuto"},"schema":{"@context":"https:\/\/schema.org","@graph":[{"@type":"WebPage","@id":"https:\/\/njspike.com\/product\/sbw002-ocean-ball-washing-disinfection-machine\/","url":"https:\/\/njspike.com\/product\/sbw002-ocean-ball-washing-disinfection-machine\/","name":"SBW002 Ocean Ball Washing Disinfection Machine - SPIKE","isPartOf":{"@id":"https:\/\/njspike.com\/#website"},"primaryImageOfPage":{"@id":"https:\/\/njspike.com\/product\/sbw002-ocean-ball-washing-disinfection-machine\/#primaryimage"},"image":{"@id":"https:\/\/njspike.com\/product\/sbw002-ocean-ball-washing-disinfection-machine\/#primaryimage"},"thumbnailUrl":"https:\/\/njspike.com\/wp-content\/uploads\/2024\/02\/SBW002-1-jpg-e1708610038499.webp","datePublished":"2024-02-22T13:51:34+00:00","dateModified":"2025-03-13T15:37:38+00:00","breadcrumb":{"@id":"https:\/\/njspike.com\/product\/sbw002-ocean-ball-washing-disinfection-machine\/#breadcrumb"},"inLanguage":"es","potentialAction":[{"@type":"ReadAction","target":["https:\/\/njspike.com\/product\/sbw002-ocean-ball-washing-disinfection-machine\/"]}]},{"@type":"ImageObject","inLanguage":"es","@id":"https:\/\/njspike.com\/product\/sbw002-ocean-ball-washing-disinfection-machine\/#primaryimage","url":"https:\/\/njspike.com\/wp-content\/uploads\/2024\/02\/SBW002-1-jpg-e1708610038499.webp","contentUrl":"https:\/\/njspike.com\/wp-content\/uploads\/2024\/02\/SBW002-1-jpg-e1708610038499.webp","width":1199,"height":1158},{"@type":"BreadcrumbList","@id":"https:\/\/njspike.com\/product\/sbw002-ocean-ball-washing-disinfection-machine\/#breadcrumb","itemListElement":[{"@type":"ListItem","position":1,"name":"SPIKE","item":"https:\/\/njspike.com\/"},{"@type":"ListItem","position":2,"name":"\u4ea7\u54c1","item":"https:\/\/njspike.com\/shop\/"},{"@type":"ListItem","position":3,"name":"SBW002 Ocean Ball Washing Disinfection Machine"}]},{"@type":"WebSite","@id":"https:\/\/njspike.com\/#website","url":"https:\/\/njspike.com\/","name":"Children Playground","description":"Professional Children Playground Supplier","publisher":{"@id":"https:\/\/njspike.com\/#organization"},"potentialAction":[{"@type":"SearchAction","target":{"@type":"EntryPoint","urlTemplate":"https:\/\/njspike.com\/?s={search_term_string}"},"query-input":{"@type":"PropertyValueSpecification","valueRequired":true,"valueName":"search_term_string"}}],"inLanguage":"es"},{"@type":"Organization","@id":"https:\/\/njspike.com\/#organization","name":"Spike Anusement Equipments","url":"https:\/\/njspike.com\/","logo":{"@type":"ImageObject","inLanguage":"es","@id":"https:\/\/njspike.com\/#\/schema\/logo\/image\/","url":"https:\/\/njspike.com\/wp-content\/uploads\/2023\/05\/logo-\u5c0f.png","contentUrl":"https:\/\/njspike.com\/wp-content\/uploads\/2023\/05\/logo-\u5c0f.png","width":500,"height":233,"caption":"Spike Anusement Equipments"},"image":{"@id":"https:\/\/njspike.com\/#\/schema\/logo\/image\/"},"sameAs":["https:\/\/www.facebook.com\/spikeamusement"]}]}},"_links":{"self":[{"href":"https:\/\/njspike.com\/es\/wp-json\/wp\/v2\/product\/6536","targetHints":{"allow":["GET"]}}],"collection":[{"href":"https:\/\/njspike.com\/es\/wp-json\/wp\/v2\/product"}],"about":[{"href":"https:\/\/njspike.com\/es\/wp-json\/wp\/v2\/types\/product"}],"version-history":[{"count":2,"href":"https:\/\/njspike.com\/es\/wp-json\/wp\/v2\/product\/6536\/revisions"}],"predecessor-version":[{"id":6990,"href":"https:\/\/njspike.com\/es\/wp-json\/wp\/v2\/product\/6536\/revisions\/6990"}],"wp:featuredmedia":[{"embeddable":true,"href":"https:\/\/njspike.com\/es\/wp-json\/wp\/v2\/media\/6537"}],"wp:attachment":[{"href":"https:\/\/njspike.com\/es\/wp-json\/wp\/v2\/media?parent=6536"}],"wp:term":[{"taxonomy":"product_brand","embeddable":true,"href":"https:\/\/njspike.com\/es\/wp-json\/wp\/v2\/product_brand?post=6536"},{"taxonomy":"product_cat","embeddable":true,"href":"https:\/\/njspike.com\/es\/wp-json\/wp\/v2\/product_cat?post=6536"},{"taxonomy":"product_tag","embeddable":true,"href":"https:\/\/njspike.com\/es\/wp-json\/wp\/v2\/product_tag?post=6536"}],"curies":[{"name":"wp","href":"https:\/\/api.w.org\/{rel}","templated":true}]}}