{"id":6539,"date":"2024-02-22T21:55:33","date_gmt":"2024-02-22T13:55:33","guid":{"rendered":"https:\/\/njspike.com\/?post_type=product&#038;p=6539"},"modified":"2025-03-13T23:37:29","modified_gmt":"2025-03-13T15:37:29","slug":"sbw003-ocean-ball-washing-disinfection-machine","status":"publish","type":"product","link":"https:\/\/njspike.com\/fr\/produit\/sbw003-ocean-ball-washing-disinfection-machine\/","title":{"rendered":"SBW003 Machine \u00e0 laver et \u00e0 d\u00e9sinfecter les billes de mer"},"content":{"rendered":"<p>Fonction du produit :<br \/>\n1. Peut facilement transf\u00e9rer la boule oc\u00e9anique dans la zone d\u00e9sign\u00e9e.<br \/>\n2. La fonction de d\u00e9sinfection par atomisation permet de d\u00e9sinfecter les jouets d'int\u00e9rieur et les ballons de mer, de tuer efficacement les ent\u00e9robact\u00e9ries, les pseudomonas aeruginosa, les candialbicans, les moisissures, le mald\u00e9hyde et d'autres bact\u00e9ries nocives, et de pr\u00e9venir efficacement les maladies infectieuses, telles que les maladies des mains, des pieds et de la bouche, la grippe, etc.<br \/>\n3. Il peut d\u00e9contaminer et d\u00e9sinfecter les boules oc\u00e9aniques. Il peut nettoyer les taches superficielles \u00e0 l'aide d'une brosse d'entr\u00e9e \u00e0 360 degr\u00e9s, puis humidifier les boules oc\u00e9aniques dans toutes les directions par atomisation dans la machine. Apr\u00e8s l'ensemble du processus, les boules oc\u00e9aniques sont propres et inodores.<\/p>\n<p><img fetchpriority=\"high\" decoding=\"async\" class=\"alignnone wp-image-6540 size-full\" src=\"https:\/\/njspike.com\/wp-content\/uploads\/2024\/02\/SBW004-1-jpg-e1708610345508.webp\" alt=\"\" width=\"1200\" height=\"924\" srcset=\"https:\/\/njspike.com\/wp-content\/uploads\/2024\/02\/SBW004-1-jpg-e1708610345508.webp 1200w, https:\/\/njspike.com\/wp-content\/uploads\/2024\/02\/SBW004-1-jpg-e1708610345508-600x462.webp 600w, https:\/\/njspike.com\/wp-content\/uploads\/2024\/02\/SBW004-1-jpg-e1708610345508-300x231.webp 300w, https:\/\/njspike.com\/wp-content\/uploads\/2024\/02\/SBW004-1-jpg-e1708610345508-1024x788.webp 1024w, https:\/\/njspike.com\/wp-content\/uploads\/2024\/02\/SBW004-1-jpg-e1708610345508-768x591.webp 768w\" sizes=\"(max-width: 1200px) 100vw, 1200px\" \/> <img decoding=\"async\" class=\"alignnone wp-image-6541 size-full lazyload\" data-src=\"https:\/\/njspike.com\/wp-content\/uploads\/2024\/02\/SBW004-2-jpg-e1708610390602.webp\" alt=\"\" width=\"1200\" height=\"890\" data-srcset=\"https:\/\/njspike.com\/wp-content\/uploads\/2024\/02\/SBW004-2-jpg-e1708610390602.webp 1200w, https:\/\/njspike.com\/wp-content\/uploads\/2024\/02\/SBW004-2-jpg-e1708610390602-600x445.webp 600w, https:\/\/njspike.com\/wp-content\/uploads\/2024\/02\/SBW004-2-jpg-e1708610390602-300x223.webp 300w, https:\/\/njspike.com\/wp-content\/uploads\/2024\/02\/SBW004-2-jpg-e1708610390602-1024x759.webp 1024w, https:\/\/njspike.com\/wp-content\/uploads\/2024\/02\/SBW004-2-jpg-e1708610390602-768x570.webp 768w\" data-sizes=\"(max-width: 1200px) 100vw, 1200px\" src=\"data:image\/gif;base64,R0lGODlhAQABAAAAACH5BAEKAAEALAAAAAABAAEAAAICTAEAOw==\" style=\"--smush-placeholder-width: 1200px; --smush-placeholder-aspect-ratio: 1200\/890;\" \/> <img decoding=\"async\" class=\"alignnone size-full wp-image-6542 lazyload\" data-src=\"https:\/\/njspike.com\/wp-content\/uploads\/2024\/02\/SBW004-3-jpg.webp\" alt=\"\" width=\"1200\" height=\"1200\" data-srcset=\"https:\/\/njspike.com\/wp-content\/uploads\/2024\/02\/SBW004-3-jpg.webp 1200w, https:\/\/njspike.com\/wp-content\/uploads\/2024\/02\/SBW004-3-300x300.webp 300w, https:\/\/njspike.com\/wp-content\/uploads\/2024\/02\/SBW004-3-jpg-100x100.webp 100w, https:\/\/njspike.com\/wp-content\/uploads\/2024\/02\/SBW004-3-jpg-600x600.webp 600w, https:\/\/njspike.com\/wp-content\/uploads\/2024\/02\/SBW004-3-1024x1024.webp 1024w, https:\/\/njspike.com\/wp-content\/uploads\/2024\/02\/SBW004-3-150x150.webp 150w, https:\/\/njspike.com\/wp-content\/uploads\/2024\/02\/SBW004-3-768x768.webp 768w\" data-sizes=\"(max-width: 1200px) 100vw, 1200px\" src=\"data:image\/gif;base64,R0lGODlhAQABAAAAACH5BAEKAAEALAAAAAABAAEAAAICTAEAOw==\" style=\"--smush-placeholder-width: 1200px; --smush-placeholder-aspect-ratio: 1200\/1200;\" \/> <img decoding=\"async\" class=\"alignnone size-full wp-image-6543 lazyload\" data-src=\"https:\/\/njspike.com\/wp-content\/uploads\/2024\/02\/SBW004-4-jpg.webp\" alt=\"\" width=\"1200\" height=\"1200\" data-srcset=\"https:\/\/njspike.com\/wp-content\/uploads\/2024\/02\/SBW004-4-jpg.webp 1200w, https:\/\/njspike.com\/wp-content\/uploads\/2024\/02\/SBW004-4-300x300.webp 300w, https:\/\/njspike.com\/wp-content\/uploads\/2024\/02\/SBW004-4-jpg-100x100.webp 100w, https:\/\/njspike.com\/wp-content\/uploads\/2024\/02\/SBW004-4-jpg-600x600.webp 600w, https:\/\/njspike.com\/wp-content\/uploads\/2024\/02\/SBW004-4-1024x1024.webp 1024w, https:\/\/njspike.com\/wp-content\/uploads\/2024\/02\/SBW004-4-150x150.webp 150w, https:\/\/njspike.com\/wp-content\/uploads\/2024\/02\/SBW004-4-768x768.webp 768w\" data-sizes=\"(max-width: 1200px) 100vw, 1200px\" src=\"data:image\/gif;base64,R0lGODlhAQABAAAAACH5BAEKAAEALAAAAAABAAEAAAICTAEAOw==\" style=\"--smush-placeholder-width: 1200px; --smush-placeholder-aspect-ratio: 1200\/1200;\" \/><\/p>\n<p>&nbsp;<\/p>","protected":false},"excerpt":{"rendered":"<p>Product Function: 1. Can easily transfer the ocean ball to the designated area. 2. Atomozation disinfection function, it can disinfect indoor toys and sea ball spray, effectively kill enterovious, pseudomonas aeruginosa, candialbicans, mold, for maldehyde and other harmful bacteria, effectively prevent infectious diseases, such as hand foot mouth influenza and so on. 3. It can [&hellip;]<\/p>","protected":false},"featured_media":6580,"template":"","meta":[],"product_brand":[],"product_cat":[226],"product_tag":[],"class_list":{"0":"post-6539","1":"product","2":"type-product","3":"status-publish","4":"has-post-thumbnail","6":"product_cat-indoor-playground-equipments","8":"first","9":"instock","10":"downloadable","11":"shipping-taxable","12":"product-type-simple"},"yoast_head":"<!-- This site is optimized with the Yoast SEO Premium plugin v24.5 (Yoast SEO v27.5) - https:\/\/yoast.com\/product\/yoast-seo-premium-wordpress\/ -->\n<title>SBW003 Ocean Ball Washing Disinfection Machine - SPIKE<\/title>\n<meta name=\"robots\" content=\"index, follow, max-snippet:-1, max-image-preview:large, max-video-preview:-1\" \/>\n<link rel=\"canonical\" href=\"https:\/\/njspike.com\/fr\/produit\/sbw003-ocean-ball-washing-disinfection-machine\/\" \/>\n<meta property=\"og:locale\" content=\"fr_FR\" \/>\n<meta property=\"og:type\" content=\"article\" \/>\n<meta property=\"og:title\" content=\"SBW003 Ocean Ball Washing Disinfection Machine\" \/>\n<meta property=\"og:description\" content=\"Product Function: 1. Can easily transfer the ocean ball to the designated area. 2. Atomozation disinfection function, it can disinfect indoor toys and sea ball spray, effectively kill enterovious, pseudomonas aeruginosa, candialbicans, mold, for maldehyde and other harmful bacteria, effectively prevent infectious diseases, such as hand foot mouth influenza and so on. 3. It can [&hellip;]\" \/>\n<meta property=\"og:url\" content=\"https:\/\/njspike.com\/fr\/produit\/sbw003-ocean-ball-washing-disinfection-machine\/\" \/>\n<meta property=\"og:site_name\" content=\"SPIKE\" \/>\n<meta property=\"article:publisher\" content=\"https:\/\/www.facebook.com\/spikeamusement\" \/>\n<meta property=\"article:modified_time\" content=\"2025-03-13T15:37:29+00:00\" \/>\n<meta property=\"og:image\" content=\"https:\/\/njspike.com\/wp-content\/uploads\/2024\/02\/SBW004-2-1-jpg.webp\" \/>\n\t<meta property=\"og:image:width\" content=\"1200\" \/>\n\t<meta property=\"og:image:height\" content=\"1200\" \/>\n\t<meta property=\"og:image:type\" content=\"image\/jpeg\" \/>\n<meta name=\"twitter:card\" content=\"summary_large_image\" \/>\n<meta name=\"twitter:label1\" content=\"Dur\u00e9e de lecture estim\u00e9e\" \/>\n\t<meta name=\"twitter:data1\" content=\"2 minutes\" \/>\n<script type=\"application\/ld+json\" class=\"yoast-schema-graph\">{\"@context\":\"https:\\\/\\\/schema.org\",\"@graph\":[{\"@type\":\"WebPage\",\"@id\":\"https:\\\/\\\/njspike.com\\\/product\\\/sbw003-ocean-ball-washing-disinfection-machine\\\/\",\"url\":\"https:\\\/\\\/njspike.com\\\/product\\\/sbw003-ocean-ball-washing-disinfection-machine\\\/\",\"name\":\"SBW003 Ocean Ball Washing Disinfection Machine - SPIKE\",\"isPartOf\":{\"@id\":\"https:\\\/\\\/njspike.com\\\/#website\"},\"primaryImageOfPage\":{\"@id\":\"https:\\\/\\\/njspike.com\\\/product\\\/sbw003-ocean-ball-washing-disinfection-machine\\\/#primaryimage\"},\"image\":{\"@id\":\"https:\\\/\\\/njspike.com\\\/product\\\/sbw003-ocean-ball-washing-disinfection-machine\\\/#primaryimage\"},\"thumbnailUrl\":\"https:\\\/\\\/njspike.com\\\/wp-content\\\/uploads\\\/2024\\\/02\\\/SBW004-2-1-jpg.webp\",\"datePublished\":\"2024-02-22T13:55:33+00:00\",\"dateModified\":\"2025-03-13T15:37:29+00:00\",\"breadcrumb\":{\"@id\":\"https:\\\/\\\/njspike.com\\\/product\\\/sbw003-ocean-ball-washing-disinfection-machine\\\/#breadcrumb\"},\"inLanguage\":\"fr-FR\",\"potentialAction\":[{\"@type\":\"ReadAction\",\"target\":[\"https:\\\/\\\/njspike.com\\\/product\\\/sbw003-ocean-ball-washing-disinfection-machine\\\/\"]}]},{\"@type\":\"ImageObject\",\"inLanguage\":\"fr-FR\",\"@id\":\"https:\\\/\\\/njspike.com\\\/product\\\/sbw003-ocean-ball-washing-disinfection-machine\\\/#primaryimage\",\"url\":\"https:\\\/\\\/njspike.com\\\/wp-content\\\/uploads\\\/2024\\\/02\\\/SBW004-2-1-jpg.webp\",\"contentUrl\":\"https:\\\/\\\/njspike.com\\\/wp-content\\\/uploads\\\/2024\\\/02\\\/SBW004-2-1-jpg.webp\",\"width\":1200,\"height\":1200},{\"@type\":\"BreadcrumbList\",\"@id\":\"https:\\\/\\\/njspike.com\\\/product\\\/sbw003-ocean-ball-washing-disinfection-machine\\\/#breadcrumb\",\"itemListElement\":[{\"@type\":\"ListItem\",\"position\":1,\"name\":\"SPIKE\",\"item\":\"https:\\\/\\\/njspike.com\\\/\"},{\"@type\":\"ListItem\",\"position\":2,\"name\":\"\u4ea7\u54c1\",\"item\":\"https:\\\/\\\/njspike.com\\\/shop\\\/\"},{\"@type\":\"ListItem\",\"position\":3,\"name\":\"SBW003 Ocean Ball Washing Disinfection Machine\"}]},{\"@type\":\"WebSite\",\"@id\":\"https:\\\/\\\/njspike.com\\\/#website\",\"url\":\"https:\\\/\\\/njspike.com\\\/\",\"name\":\"Children Playground\",\"description\":\"Professional Children Playground Supplier\",\"publisher\":{\"@id\":\"https:\\\/\\\/njspike.com\\\/#organization\"},\"potentialAction\":[{\"@type\":\"SearchAction\",\"target\":{\"@type\":\"EntryPoint\",\"urlTemplate\":\"https:\\\/\\\/njspike.com\\\/?s={search_term_string}\"},\"query-input\":{\"@type\":\"PropertyValueSpecification\",\"valueRequired\":true,\"valueName\":\"search_term_string\"}}],\"inLanguage\":\"fr-FR\"},{\"@type\":\"Organization\",\"@id\":\"https:\\\/\\\/njspike.com\\\/#organization\",\"name\":\"Spike Anusement Equipments\",\"url\":\"https:\\\/\\\/njspike.com\\\/\",\"logo\":{\"@type\":\"ImageObject\",\"inLanguage\":\"fr-FR\",\"@id\":\"https:\\\/\\\/njspike.com\\\/#\\\/schema\\\/logo\\\/image\\\/\",\"url\":\"https:\\\/\\\/njspike.com\\\/wp-content\\\/uploads\\\/2023\\\/05\\\/logo-\u5c0f.png\",\"contentUrl\":\"https:\\\/\\\/njspike.com\\\/wp-content\\\/uploads\\\/2023\\\/05\\\/logo-\u5c0f.png\",\"width\":500,\"height\":233,\"caption\":\"Spike Anusement Equipments\"},\"image\":{\"@id\":\"https:\\\/\\\/njspike.com\\\/#\\\/schema\\\/logo\\\/image\\\/\"},\"sameAs\":[\"https:\\\/\\\/www.facebook.com\\\/spikeamusement\"]}]}<\/script>\n<!-- \/ Yoast SEO Premium plugin. -->","yoast_head_json":{"title":"SBW003 Ocean Ball Washing Disinfection Machine - SPIKE","robots":{"index":"index","follow":"follow","max-snippet":"max-snippet:-1","max-image-preview":"max-image-preview:large","max-video-preview":"max-video-preview:-1"},"canonical":"https:\/\/njspike.com\/fr\/produit\/sbw003-ocean-ball-washing-disinfection-machine\/","og_locale":"fr_FR","og_type":"article","og_title":"SBW003 Ocean Ball Washing Disinfection Machine","og_description":"Product Function: 1. Can easily transfer the ocean ball to the designated area. 2. Atomozation disinfection function, it can disinfect indoor toys and sea ball spray, effectively kill enterovious, pseudomonas aeruginosa, candialbicans, mold, for maldehyde and other harmful bacteria, effectively prevent infectious diseases, such as hand foot mouth influenza and so on. 3. It can [&hellip;]","og_url":"https:\/\/njspike.com\/fr\/produit\/sbw003-ocean-ball-washing-disinfection-machine\/","og_site_name":"SPIKE","article_publisher":"https:\/\/www.facebook.com\/spikeamusement","article_modified_time":"2025-03-13T15:37:29+00:00","og_image":[{"width":1200,"height":1200,"url":"https:\/\/njspike.com\/wp-content\/uploads\/2024\/02\/SBW004-2-1-jpg.webp","type":"image\/jpeg"}],"twitter_card":"summary_large_image","twitter_misc":{"Dur\u00e9e de lecture estim\u00e9e":"2 minutes"},"schema":{"@context":"https:\/\/schema.org","@graph":[{"@type":"WebPage","@id":"https:\/\/njspike.com\/product\/sbw003-ocean-ball-washing-disinfection-machine\/","url":"https:\/\/njspike.com\/product\/sbw003-ocean-ball-washing-disinfection-machine\/","name":"SBW003 Ocean Ball Washing Disinfection Machine - SPIKE","isPartOf":{"@id":"https:\/\/njspike.com\/#website"},"primaryImageOfPage":{"@id":"https:\/\/njspike.com\/product\/sbw003-ocean-ball-washing-disinfection-machine\/#primaryimage"},"image":{"@id":"https:\/\/njspike.com\/product\/sbw003-ocean-ball-washing-disinfection-machine\/#primaryimage"},"thumbnailUrl":"https:\/\/njspike.com\/wp-content\/uploads\/2024\/02\/SBW004-2-1-jpg.webp","datePublished":"2024-02-22T13:55:33+00:00","dateModified":"2025-03-13T15:37:29+00:00","breadcrumb":{"@id":"https:\/\/njspike.com\/product\/sbw003-ocean-ball-washing-disinfection-machine\/#breadcrumb"},"inLanguage":"fr-FR","potentialAction":[{"@type":"ReadAction","target":["https:\/\/njspike.com\/product\/sbw003-ocean-ball-washing-disinfection-machine\/"]}]},{"@type":"ImageObject","inLanguage":"fr-FR","@id":"https:\/\/njspike.com\/product\/sbw003-ocean-ball-washing-disinfection-machine\/#primaryimage","url":"https:\/\/njspike.com\/wp-content\/uploads\/2024\/02\/SBW004-2-1-jpg.webp","contentUrl":"https:\/\/njspike.com\/wp-content\/uploads\/2024\/02\/SBW004-2-1-jpg.webp","width":1200,"height":1200},{"@type":"BreadcrumbList","@id":"https:\/\/njspike.com\/product\/sbw003-ocean-ball-washing-disinfection-machine\/#breadcrumb","itemListElement":[{"@type":"ListItem","position":1,"name":"SPIKE","item":"https:\/\/njspike.com\/"},{"@type":"ListItem","position":2,"name":"\u4ea7\u54c1","item":"https:\/\/njspike.com\/shop\/"},{"@type":"ListItem","position":3,"name":"SBW003 Ocean Ball Washing Disinfection Machine"}]},{"@type":"WebSite","@id":"https:\/\/njspike.com\/#website","url":"https:\/\/njspike.com\/","name":"Children Playground","description":"Professional Children Playground Supplier","publisher":{"@id":"https:\/\/njspike.com\/#organization"},"potentialAction":[{"@type":"SearchAction","target":{"@type":"EntryPoint","urlTemplate":"https:\/\/njspike.com\/?s={search_term_string}"},"query-input":{"@type":"PropertyValueSpecification","valueRequired":true,"valueName":"search_term_string"}}],"inLanguage":"fr-FR"},{"@type":"Organization","@id":"https:\/\/njspike.com\/#organization","name":"Spike Anusement Equipments","url":"https:\/\/njspike.com\/","logo":{"@type":"ImageObject","inLanguage":"fr-FR","@id":"https:\/\/njspike.com\/#\/schema\/logo\/image\/","url":"https:\/\/njspike.com\/wp-content\/uploads\/2023\/05\/logo-\u5c0f.png","contentUrl":"https:\/\/njspike.com\/wp-content\/uploads\/2023\/05\/logo-\u5c0f.png","width":500,"height":233,"caption":"Spike Anusement Equipments"},"image":{"@id":"https:\/\/njspike.com\/#\/schema\/logo\/image\/"},"sameAs":["https:\/\/www.facebook.com\/spikeamusement"]}]}},"_links":{"self":[{"href":"https:\/\/njspike.com\/fr\/wp-json\/wp\/v2\/product\/6539","targetHints":{"allow":["GET"]}}],"collection":[{"href":"https:\/\/njspike.com\/fr\/wp-json\/wp\/v2\/product"}],"about":[{"href":"https:\/\/njspike.com\/fr\/wp-json\/wp\/v2\/types\/product"}],"version-history":[{"count":1,"href":"https:\/\/njspike.com\/fr\/wp-json\/wp\/v2\/product\/6539\/revisions"}],"predecessor-version":[{"id":6989,"href":"https:\/\/njspike.com\/fr\/wp-json\/wp\/v2\/product\/6539\/revisions\/6989"}],"wp:featuredmedia":[{"embeddable":true,"href":"https:\/\/njspike.com\/fr\/wp-json\/wp\/v2\/media\/6580"}],"wp:attachment":[{"href":"https:\/\/njspike.com\/fr\/wp-json\/wp\/v2\/media?parent=6539"}],"wp:term":[{"taxonomy":"product_brand","embeddable":true,"href":"https:\/\/njspike.com\/fr\/wp-json\/wp\/v2\/product_brand?post=6539"},{"taxonomy":"product_cat","embeddable":true,"href":"https:\/\/njspike.com\/fr\/wp-json\/wp\/v2\/product_cat?post=6539"},{"taxonomy":"product_tag","embeddable":true,"href":"https:\/\/njspike.com\/fr\/wp-json\/wp\/v2\/product_tag?post=6539"}],"curies":[{"name":"wp","href":"https:\/\/api.w.org\/{rel}","templated":true}]}}