{"id":8458,"date":"2025-03-16T11:53:20","date_gmt":"2025-03-16T03:53:20","guid":{"rendered":"https:\/\/njspike.com\/?post_type=product&#038;p=8458"},"modified":"2025-05-14T16:06:00","modified_gmt":"2025-05-14T08:06:00","slug":"children-sensory-training-equipment","status":"publish","type":"product","link":"https:\/\/njspike.com\/fr\/produit\/children-sensory-training-equipment\/","title":{"rendered":"\u00c9quipement d'entra\u00eenement sensoriel pour enfants"},"content":{"rendered":"<p>Vous pouvez choisir la balan\u00e7oire sensorielle pour enfants comme vous le souhaitez et bricoler votre propre salle sensorielle pour votre \u00e9cole maternelle, jardin d'enfants, gymnase pour enfants, h\u00f4pital pour enfants, centre d'ergoth\u00e9rapie physique, clinique pour enfants, etc.<br \/>\nApr\u00e8s la pand\u00e9mie, ce type d'\u00e9quipement pour enfants autistes est tr\u00e8s populaire dans le monde entier, en particulier dans des pays comme le Canada, l'Australie, les \u00c9tats-Unis, Singapour et les pays europ\u00e9ens.<\/p>\n<p>Escalade, toboggan, jeux, forage, \u00e9quilibre, exploration<br \/>\n1. Les jeux souples prot\u00e8gent les enfants lorsqu'ils jouent \u00e0 l'int\u00e9rieur et leur permettent de s'amuser librement.<br \/>\n2. Convient pour am\u00e9liorer l'\u00e9nergie et l'imagination des enfants<br \/>\n3. Les aider \u00e0 grandir heureux, intelligents et en bonne sant\u00e9<\/p>\n<p><img fetchpriority=\"high\" decoding=\"async\" class=\"alignnone size-full wp-image-8465\" src=\"https:\/\/njspike.com\/wp-content\/uploads\/2025\/03\/SPK15103.jpg\" alt=\"\" width=\"1200\" height=\"1522\" srcset=\"https:\/\/njspike.com\/wp-content\/uploads\/2025\/03\/SPK15103.jpg 1200w, https:\/\/njspike.com\/wp-content\/smush-webp\/2025\/03\/SPK15103-237x300.jpg.webp 237w, https:\/\/njspike.com\/wp-content\/uploads\/2025\/03\/SPK15103-807x1024.jpg 807w, https:\/\/njspike.com\/wp-content\/smush-webp\/2025\/03\/SPK15103-768x974.jpg.webp 768w, https:\/\/njspike.com\/wp-content\/smush-webp\/2025\/03\/SPK15103-9x12.jpg.webp 9w, https:\/\/njspike.com\/wp-content\/smush-webp\/2025\/03\/SPK15103-600x761.jpg.webp 600w\" sizes=\"(max-width: 1200px) 100vw, 1200px\" \/> <img decoding=\"async\" class=\"alignnone size-full wp-image-8469 lazyload\" data-src=\"https:\/\/njspike.com\/wp-content\/uploads\/2025\/03\/SPK15107.jpg\" alt=\"\" width=\"1200\" height=\"1513\" data-srcset=\"https:\/\/njspike.com\/wp-content\/uploads\/2025\/03\/SPK15107.jpg 1200w, https:\/\/njspike.com\/wp-content\/smush-webp\/2025\/03\/SPK15107-238x300.jpg.webp 238w, https:\/\/njspike.com\/wp-content\/uploads\/2025\/03\/SPK15107-812x1024.jpg 812w, https:\/\/njspike.com\/wp-content\/smush-webp\/2025\/03\/SPK15107-768x968.jpg.webp 768w, https:\/\/njspike.com\/wp-content\/uploads\/2025\/03\/SPK15107-10x12.jpg 10w, https:\/\/njspike.com\/wp-content\/smush-webp\/2025\/03\/SPK15107-600x757.jpg.webp 600w\" data-sizes=\"(max-width: 1200px) 100vw, 1200px\" src=\"data:image\/gif;base64,R0lGODlhAQABAAAAACH5BAEKAAEALAAAAAABAAEAAAICTAEAOw==\" style=\"--smush-placeholder-width: 1200px; --smush-placeholder-aspect-ratio: 1200\/1513;\" \/> <img decoding=\"async\" class=\"alignnone size-full wp-image-8472 lazyload\" data-src=\"https:\/\/njspike.com\/wp-content\/uploads\/2025\/03\/SPK15110.jpg\" alt=\"\" width=\"1200\" height=\"1611\" data-srcset=\"https:\/\/njspike.com\/wp-content\/uploads\/2025\/03\/SPK15110.jpg 1200w, https:\/\/njspike.com\/wp-content\/smush-webp\/2025\/03\/SPK15110-223x300.jpg.webp 223w, https:\/\/njspike.com\/wp-content\/uploads\/2025\/03\/SPK15110-763x1024.jpg 763w, https:\/\/njspike.com\/wp-content\/smush-webp\/2025\/03\/SPK15110-768x1031.jpg.webp 768w, https:\/\/njspike.com\/wp-content\/uploads\/2025\/03\/SPK15110-1144x1536.jpg 1144w, https:\/\/njspike.com\/wp-content\/smush-webp\/2025\/03\/SPK15110-9x12.jpg.webp 9w, https:\/\/njspike.com\/wp-content\/smush-webp\/2025\/03\/SPK15110-600x806.jpg.webp 600w\" data-sizes=\"(max-width: 1200px) 100vw, 1200px\" src=\"data:image\/gif;base64,R0lGODlhAQABAAAAACH5BAEKAAEALAAAAAABAAEAAAICTAEAOw==\" style=\"--smush-placeholder-width: 1200px; --smush-placeholder-aspect-ratio: 1200\/1611;\" \/> <img decoding=\"async\" class=\"alignnone size-full wp-image-8474 lazyload\" data-src=\"https:\/\/njspike.com\/wp-content\/uploads\/2025\/03\/SPK15112.jpg\" alt=\"\" width=\"1200\" height=\"1508\" data-srcset=\"https:\/\/njspike.com\/wp-content\/uploads\/2025\/03\/SPK15112.jpg 1200w, https:\/\/njspike.com\/wp-content\/smush-webp\/2025\/03\/SPK15112-239x300.jpg.webp 239w, https:\/\/njspike.com\/wp-content\/uploads\/2025\/03\/SPK15112-815x1024.jpg 815w, https:\/\/njspike.com\/wp-content\/smush-webp\/2025\/03\/SPK15112-768x965.jpg.webp 768w, https:\/\/njspike.com\/wp-content\/smush-webp\/2025\/03\/SPK15112-10x12.jpg.webp 10w, https:\/\/njspike.com\/wp-content\/smush-webp\/2025\/03\/SPK15112-600x754.jpg.webp 600w\" data-sizes=\"(max-width: 1200px) 100vw, 1200px\" src=\"data:image\/gif;base64,R0lGODlhAQABAAAAACH5BAEKAAEALAAAAAABAAEAAAICTAEAOw==\" style=\"--smush-placeholder-width: 1200px; --smush-placeholder-aspect-ratio: 1200\/1508;\" \/> <img decoding=\"async\" class=\"alignnone size-full wp-image-8476 lazyload\" data-src=\"https:\/\/njspike.com\/wp-content\/uploads\/2025\/03\/SPK15114.jpg\" alt=\"\" width=\"1200\" height=\"1512\" data-srcset=\"https:\/\/njspike.com\/wp-content\/uploads\/2025\/03\/SPK15114.jpg 1200w, https:\/\/njspike.com\/wp-content\/uploads\/2025\/03\/SPK15114-238x300.jpg 238w, https:\/\/njspike.com\/wp-content\/smush-webp\/2025\/03\/SPK15114-813x1024.jpg.webp 813w, https:\/\/njspike.com\/wp-content\/smush-webp\/2025\/03\/SPK15114-768x968.jpg.webp 768w, https:\/\/njspike.com\/wp-content\/uploads\/2025\/03\/SPK15114-10x12.jpg 10w, https:\/\/njspike.com\/wp-content\/smush-webp\/2025\/03\/SPK15114-600x756.jpg.webp 600w\" data-sizes=\"(max-width: 1200px) 100vw, 1200px\" src=\"data:image\/gif;base64,R0lGODlhAQABAAAAACH5BAEKAAEALAAAAAABAAEAAAICTAEAOw==\" style=\"--smush-placeholder-width: 1200px; --smush-placeholder-aspect-ratio: 1200\/1512;\" \/> <img decoding=\"async\" class=\"alignnone size-full wp-image-8480 lazyload\" data-src=\"https:\/\/njspike.com\/wp-content\/uploads\/2025\/03\/SPK15118.jpg\" alt=\"\" width=\"1200\" height=\"1599\" data-srcset=\"https:\/\/njspike.com\/wp-content\/uploads\/2025\/03\/SPK15118.jpg 1200w, https:\/\/njspike.com\/wp-content\/smush-webp\/2025\/03\/SPK15118-225x300.jpg.webp 225w, https:\/\/njspike.com\/wp-content\/uploads\/2025\/03\/SPK15118-768x1023.jpg 768w, https:\/\/njspike.com\/wp-content\/uploads\/2025\/03\/SPK15118-1153x1536.jpg 1153w, https:\/\/njspike.com\/wp-content\/smush-webp\/2025\/03\/SPK15118-9x12.jpg.webp 9w, https:\/\/njspike.com\/wp-content\/smush-webp\/2025\/03\/SPK15118-600x800.jpg.webp 600w\" data-sizes=\"(max-width: 1200px) 100vw, 1200px\" src=\"data:image\/gif;base64,R0lGODlhAQABAAAAACH5BAEKAAEALAAAAAABAAEAAAICTAEAOw==\" style=\"--smush-placeholder-width: 1200px; --smush-placeholder-aspect-ratio: 1200\/1599;\" \/> <img decoding=\"async\" class=\"alignnone size-full wp-image-8492 lazyload\" data-src=\"https:\/\/njspike.com\/wp-content\/uploads\/2025\/03\/SPK15130.jpg\" alt=\"\" width=\"1200\" height=\"1199\" data-srcset=\"https:\/\/njspike.com\/wp-content\/uploads\/2025\/03\/SPK15130.jpg 1200w, https:\/\/njspike.com\/wp-content\/uploads\/2025\/03\/SPK15130-300x300.jpg 300w, https:\/\/njspike.com\/wp-content\/uploads\/2025\/03\/SPK15130-1024x1024.jpg 1024w, https:\/\/njspike.com\/wp-content\/uploads\/2025\/03\/SPK15130-150x150.jpg 150w, https:\/\/njspike.com\/wp-content\/uploads\/2025\/03\/SPK15130-768x767.jpg 768w, https:\/\/njspike.com\/wp-content\/smush-webp\/2025\/03\/SPK15130-12x12.jpg.webp 12w, https:\/\/njspike.com\/wp-content\/uploads\/2025\/03\/SPK15130-600x600.jpg 600w, https:\/\/njspike.com\/wp-content\/uploads\/2025\/03\/SPK15130-100x100.jpg 100w\" data-sizes=\"(max-width: 1200px) 100vw, 1200px\" src=\"data:image\/gif;base64,R0lGODlhAQABAAAAACH5BAEKAAEALAAAAAABAAEAAAICTAEAOw==\" style=\"--smush-placeholder-width: 1200px; --smush-placeholder-aspect-ratio: 1200\/1199;\" \/> <img decoding=\"async\" class=\"alignnone size-full wp-image-8494 lazyload\" data-src=\"https:\/\/njspike.com\/wp-content\/uploads\/2025\/03\/SPK15132.jpg\" alt=\"\" width=\"1200\" height=\"1199\" data-srcset=\"https:\/\/njspike.com\/wp-content\/uploads\/2025\/03\/SPK15132.jpg 1200w, https:\/\/njspike.com\/wp-content\/uploads\/2025\/03\/SPK15132-300x300.jpg 300w, https:\/\/njspike.com\/wp-content\/uploads\/2025\/03\/SPK15132-1024x1024.jpg 1024w, https:\/\/njspike.com\/wp-content\/uploads\/2025\/03\/SPK15132-150x150.jpg 150w, https:\/\/njspike.com\/wp-content\/uploads\/2025\/03\/SPK15132-768x767.jpg 768w, https:\/\/njspike.com\/wp-content\/uploads\/2025\/03\/SPK15132-12x12.jpg 12w, https:\/\/njspike.com\/wp-content\/uploads\/2025\/03\/SPK15132-600x600.jpg 600w, https:\/\/njspike.com\/wp-content\/uploads\/2025\/03\/SPK15132-100x100.jpg 100w\" data-sizes=\"(max-width: 1200px) 100vw, 1200px\" src=\"data:image\/gif;base64,R0lGODlhAQABAAAAACH5BAEKAAEALAAAAAABAAEAAAICTAEAOw==\" style=\"--smush-placeholder-width: 1200px; --smush-placeholder-aspect-ratio: 1200\/1199;\" \/><\/p>\n<p>&nbsp;<\/p>","protected":false},"excerpt":{"rendered":"<p>Les balan\u00e7oires sensorielles sont un \u00e9quipement de gymnastique sensorielle que vous pouvez utiliser comme outil de th\u00e9rapie pour les enfants ayant des besoins particuliers comme l'autisme ou l'infirmit\u00e9 motrice c\u00e9r\u00e9brale.<\/p>","protected":false},"featured_media":8459,"template":"","meta":[],"product_brand":[],"product_cat":[243],"product_tag":[],"class_list":{"0":"post-8458","1":"product","2":"type-product","3":"status-publish","4":"has-post-thumbnail","6":"product_cat-sensory-training-equipment-preschool-education","8":"first","9":"instock","10":"shipping-taxable","11":"product-type-simple"},"yoast_head":"<!-- This site is optimized with the Yoast SEO Premium plugin v24.5 (Yoast SEO v27.5) - https:\/\/yoast.com\/product\/yoast-seo-premium-wordpress\/ -->\n<title>Kids Sensory Training Equipment - SPIKE<\/title>\n<meta name=\"robots\" content=\"index, follow, max-snippet:-1, max-image-preview:large, max-video-preview:-1\" \/>\n<link rel=\"canonical\" href=\"https:\/\/njspike.com\/fr\/produit\/children-sensory-training-equipment\/\" \/>\n<meta property=\"og:locale\" content=\"fr_FR\" \/>\n<meta property=\"og:type\" content=\"article\" \/>\n<meta property=\"og:title\" content=\"Kids Sensory Training Equipment\" \/>\n<meta property=\"og:description\" content=\"A sensory gym equipment that you can use as a therapy tool for kids with special needs like autism or cerebral palsy are sensory swings.\" \/>\n<meta property=\"og:url\" content=\"https:\/\/njspike.com\/fr\/produit\/children-sensory-training-equipment\/\" \/>\n<meta property=\"og:site_name\" content=\"SPIKE\" \/>\n<meta property=\"article:publisher\" content=\"https:\/\/www.facebook.com\/spikeamusement\" \/>\n<meta property=\"article:modified_time\" content=\"2025-05-14T08:06:00+00:00\" \/>\n<meta property=\"og:image\" content=\"https:\/\/njspike.com\/wp-content\/uploads\/2025\/03\/1-6.jpg\" \/>\n\t<meta property=\"og:image:width\" content=\"800\" \/>\n\t<meta property=\"og:image:height\" content=\"800\" \/>\n\t<meta property=\"og:image:type\" content=\"image\/jpeg\" \/>\n<meta name=\"twitter:card\" content=\"summary_large_image\" \/>\n<meta name=\"twitter:label1\" content=\"Dur\u00e9e de lecture estim\u00e9e\" \/>\n\t<meta name=\"twitter:data1\" content=\"3 minutes\" \/>\n<script type=\"application\/ld+json\" class=\"yoast-schema-graph\">{\"@context\":\"https:\\\/\\\/schema.org\",\"@graph\":[{\"@type\":\"WebPage\",\"@id\":\"https:\\\/\\\/njspike.com\\\/product\\\/children-sensory-training-equipment\\\/\",\"url\":\"https:\\\/\\\/njspike.com\\\/product\\\/children-sensory-training-equipment\\\/\",\"name\":\"Kids Sensory Training Equipment - SPIKE\",\"isPartOf\":{\"@id\":\"https:\\\/\\\/njspike.com\\\/#website\"},\"primaryImageOfPage\":{\"@id\":\"https:\\\/\\\/njspike.com\\\/product\\\/children-sensory-training-equipment\\\/#primaryimage\"},\"image\":{\"@id\":\"https:\\\/\\\/njspike.com\\\/product\\\/children-sensory-training-equipment\\\/#primaryimage\"},\"thumbnailUrl\":\"https:\\\/\\\/njspike.com\\\/wp-content\\\/uploads\\\/2025\\\/03\\\/1-6.jpg\",\"datePublished\":\"2025-03-16T03:53:20+00:00\",\"dateModified\":\"2025-05-14T08:06:00+00:00\",\"breadcrumb\":{\"@id\":\"https:\\\/\\\/njspike.com\\\/product\\\/children-sensory-training-equipment\\\/#breadcrumb\"},\"inLanguage\":\"fr-FR\",\"potentialAction\":[{\"@type\":\"ReadAction\",\"target\":[\"https:\\\/\\\/njspike.com\\\/product\\\/children-sensory-training-equipment\\\/\"]}]},{\"@type\":\"ImageObject\",\"inLanguage\":\"fr-FR\",\"@id\":\"https:\\\/\\\/njspike.com\\\/product\\\/children-sensory-training-equipment\\\/#primaryimage\",\"url\":\"https:\\\/\\\/njspike.com\\\/wp-content\\\/uploads\\\/2025\\\/03\\\/1-6.jpg\",\"contentUrl\":\"https:\\\/\\\/njspike.com\\\/wp-content\\\/uploads\\\/2025\\\/03\\\/1-6.jpg\",\"width\":800,\"height\":800},{\"@type\":\"BreadcrumbList\",\"@id\":\"https:\\\/\\\/njspike.com\\\/product\\\/children-sensory-training-equipment\\\/#breadcrumb\",\"itemListElement\":[{\"@type\":\"ListItem\",\"position\":1,\"name\":\"SPIKE\",\"item\":\"https:\\\/\\\/njspike.com\\\/\"},{\"@type\":\"ListItem\",\"position\":2,\"name\":\"\u4ea7\u54c1\",\"item\":\"https:\\\/\\\/njspike.com\\\/shop\\\/\"},{\"@type\":\"ListItem\",\"position\":3,\"name\":\"Kids Sensory Training Equipment\"}]},{\"@type\":\"WebSite\",\"@id\":\"https:\\\/\\\/njspike.com\\\/#website\",\"url\":\"https:\\\/\\\/njspike.com\\\/\",\"name\":\"Children Playground\",\"description\":\"Professional Children Playground Supplier\",\"publisher\":{\"@id\":\"https:\\\/\\\/njspike.com\\\/#organization\"},\"potentialAction\":[{\"@type\":\"SearchAction\",\"target\":{\"@type\":\"EntryPoint\",\"urlTemplate\":\"https:\\\/\\\/njspike.com\\\/?s={search_term_string}\"},\"query-input\":{\"@type\":\"PropertyValueSpecification\",\"valueRequired\":true,\"valueName\":\"search_term_string\"}}],\"inLanguage\":\"fr-FR\"},{\"@type\":\"Organization\",\"@id\":\"https:\\\/\\\/njspike.com\\\/#organization\",\"name\":\"Spike Anusement Equipments\",\"url\":\"https:\\\/\\\/njspike.com\\\/\",\"logo\":{\"@type\":\"ImageObject\",\"inLanguage\":\"fr-FR\",\"@id\":\"https:\\\/\\\/njspike.com\\\/#\\\/schema\\\/logo\\\/image\\\/\",\"url\":\"https:\\\/\\\/njspike.com\\\/wp-content\\\/uploads\\\/2023\\\/05\\\/logo-\u5c0f.png\",\"contentUrl\":\"https:\\\/\\\/njspike.com\\\/wp-content\\\/uploads\\\/2023\\\/05\\\/logo-\u5c0f.png\",\"width\":500,\"height\":233,\"caption\":\"Spike Anusement Equipments\"},\"image\":{\"@id\":\"https:\\\/\\\/njspike.com\\\/#\\\/schema\\\/logo\\\/image\\\/\"},\"sameAs\":[\"https:\\\/\\\/www.facebook.com\\\/spikeamusement\"]}]}<\/script>\n<!-- \/ Yoast SEO Premium plugin. -->","yoast_head_json":{"title":"Kids Sensory Training Equipment - SPIKE","robots":{"index":"index","follow":"follow","max-snippet":"max-snippet:-1","max-image-preview":"max-image-preview:large","max-video-preview":"max-video-preview:-1"},"canonical":"https:\/\/njspike.com\/fr\/produit\/children-sensory-training-equipment\/","og_locale":"fr_FR","og_type":"article","og_title":"Kids Sensory Training Equipment","og_description":"A sensory gym equipment that you can use as a therapy tool for kids with special needs like autism or cerebral palsy are sensory swings.","og_url":"https:\/\/njspike.com\/fr\/produit\/children-sensory-training-equipment\/","og_site_name":"SPIKE","article_publisher":"https:\/\/www.facebook.com\/spikeamusement","article_modified_time":"2025-05-14T08:06:00+00:00","og_image":[{"width":800,"height":800,"url":"https:\/\/njspike.com\/wp-content\/uploads\/2025\/03\/1-6.jpg","type":"image\/jpeg"}],"twitter_card":"summary_large_image","twitter_misc":{"Dur\u00e9e de lecture estim\u00e9e":"3 minutes"},"schema":{"@context":"https:\/\/schema.org","@graph":[{"@type":"WebPage","@id":"https:\/\/njspike.com\/product\/children-sensory-training-equipment\/","url":"https:\/\/njspike.com\/product\/children-sensory-training-equipment\/","name":"Kids Sensory Training Equipment - SPIKE","isPartOf":{"@id":"https:\/\/njspike.com\/#website"},"primaryImageOfPage":{"@id":"https:\/\/njspike.com\/product\/children-sensory-training-equipment\/#primaryimage"},"image":{"@id":"https:\/\/njspike.com\/product\/children-sensory-training-equipment\/#primaryimage"},"thumbnailUrl":"https:\/\/njspike.com\/wp-content\/uploads\/2025\/03\/1-6.jpg","datePublished":"2025-03-16T03:53:20+00:00","dateModified":"2025-05-14T08:06:00+00:00","breadcrumb":{"@id":"https:\/\/njspike.com\/product\/children-sensory-training-equipment\/#breadcrumb"},"inLanguage":"fr-FR","potentialAction":[{"@type":"ReadAction","target":["https:\/\/njspike.com\/product\/children-sensory-training-equipment\/"]}]},{"@type":"ImageObject","inLanguage":"fr-FR","@id":"https:\/\/njspike.com\/product\/children-sensory-training-equipment\/#primaryimage","url":"https:\/\/njspike.com\/wp-content\/uploads\/2025\/03\/1-6.jpg","contentUrl":"https:\/\/njspike.com\/wp-content\/uploads\/2025\/03\/1-6.jpg","width":800,"height":800},{"@type":"BreadcrumbList","@id":"https:\/\/njspike.com\/product\/children-sensory-training-equipment\/#breadcrumb","itemListElement":[{"@type":"ListItem","position":1,"name":"SPIKE","item":"https:\/\/njspike.com\/"},{"@type":"ListItem","position":2,"name":"\u4ea7\u54c1","item":"https:\/\/njspike.com\/shop\/"},{"@type":"ListItem","position":3,"name":"Kids Sensory Training Equipment"}]},{"@type":"WebSite","@id":"https:\/\/njspike.com\/#website","url":"https:\/\/njspike.com\/","name":"Children Playground","description":"Professional Children Playground Supplier","publisher":{"@id":"https:\/\/njspike.com\/#organization"},"potentialAction":[{"@type":"SearchAction","target":{"@type":"EntryPoint","urlTemplate":"https:\/\/njspike.com\/?s={search_term_string}"},"query-input":{"@type":"PropertyValueSpecification","valueRequired":true,"valueName":"search_term_string"}}],"inLanguage":"fr-FR"},{"@type":"Organization","@id":"https:\/\/njspike.com\/#organization","name":"Spike Anusement Equipments","url":"https:\/\/njspike.com\/","logo":{"@type":"ImageObject","inLanguage":"fr-FR","@id":"https:\/\/njspike.com\/#\/schema\/logo\/image\/","url":"https:\/\/njspike.com\/wp-content\/uploads\/2023\/05\/logo-\u5c0f.png","contentUrl":"https:\/\/njspike.com\/wp-content\/uploads\/2023\/05\/logo-\u5c0f.png","width":500,"height":233,"caption":"Spike Anusement Equipments"},"image":{"@id":"https:\/\/njspike.com\/#\/schema\/logo\/image\/"},"sameAs":["https:\/\/www.facebook.com\/spikeamusement"]}]}},"_links":{"self":[{"href":"https:\/\/njspike.com\/fr\/wp-json\/wp\/v2\/product\/8458","targetHints":{"allow":["GET"]}}],"collection":[{"href":"https:\/\/njspike.com\/fr\/wp-json\/wp\/v2\/product"}],"about":[{"href":"https:\/\/njspike.com\/fr\/wp-json\/wp\/v2\/types\/product"}],"version-history":[{"count":2,"href":"https:\/\/njspike.com\/fr\/wp-json\/wp\/v2\/product\/8458\/revisions"}],"predecessor-version":[{"id":9537,"href":"https:\/\/njspike.com\/fr\/wp-json\/wp\/v2\/product\/8458\/revisions\/9537"}],"wp:featuredmedia":[{"embeddable":true,"href":"https:\/\/njspike.com\/fr\/wp-json\/wp\/v2\/media\/8459"}],"wp:attachment":[{"href":"https:\/\/njspike.com\/fr\/wp-json\/wp\/v2\/media?parent=8458"}],"wp:term":[{"taxonomy":"product_brand","embeddable":true,"href":"https:\/\/njspike.com\/fr\/wp-json\/wp\/v2\/product_brand?post=8458"},{"taxonomy":"product_cat","embeddable":true,"href":"https:\/\/njspike.com\/fr\/wp-json\/wp\/v2\/product_cat?post=8458"},{"taxonomy":"product_tag","embeddable":true,"href":"https:\/\/njspike.com\/fr\/wp-json\/wp\/v2\/product_tag?post=8458"}],"curies":[{"name":"wp","href":"https:\/\/api.w.org\/{rel}","templated":true}]}}