{"id":8513,"date":"2025-03-16T12:10:34","date_gmt":"2025-03-16T04:10:34","guid":{"rendered":"https:\/\/njspike.com\/?post_type=product&#038;p=8513"},"modified":"2025-03-16T12:10:34","modified_gmt":"2025-03-16T04:10:34","slug":"rainbow-honeycomb-slide","status":"publish","type":"product","link":"https:\/\/njspike.com\/fr\/produit\/rainbow-honeycomb-slide\/","title":{"rendered":"Toboggan nid d'abeille arc-en-ciel color\u00e9 pour enfants"},"content":{"rendered":"<p>Ce jeu de ruches color\u00e9 est une innovation d'un jeu de puzzle. Il est fabriqu\u00e9 en mousse de haute densit\u00e9 et envelopp\u00e9 de PVC ou de vinyle. Les tout-petits adorent grimper, glisser et ramper. Le toboggan color\u00e9 laisse entrevoir la polyvalence de ces ruches, qui sont souvent le point de d\u00e9part d'escapades passionnantes ou d'activit\u00e9s quotidiennes. Chaque ruche est reli\u00e9e \u00e0 une autre par des \u00e9chelles menant \u00e0 la plate-forme sup\u00e9rieure de la ruche, les enfants peuvent explorer les ruches par des escaliers ou de l'escalade. Con\u00e7u pour renforcer le d\u00e9veloppement de la motricit\u00e9 globale des enfants. Recommand\u00e9s pour les enfants de 18 mois \u00e0 3 ans, ils sont de petite taille, doux au toucher et dot\u00e9s de mat\u00e9riaux r\u00e9sistants aux morsures, ainsi qu'antibact\u00e9riens.<\/p>\n<p><img fetchpriority=\"high\" decoding=\"async\" class=\"alignnone size-full wp-image-8515\" src=\"https:\/\/njspike.com\/wp-content\/uploads\/2025\/03\/2-6.jpg\" alt=\"\" width=\"750\" height=\"750\" srcset=\"https:\/\/njspike.com\/wp-content\/uploads\/2025\/03\/2-6.jpg 750w, https:\/\/njspike.com\/wp-content\/uploads\/2025\/03\/2-6-300x300.jpg 300w, https:\/\/njspike.com\/wp-content\/smush-webp\/2025\/03\/2-6-150x150.jpg.webp 150w, https:\/\/njspike.com\/wp-content\/smush-webp\/2025\/03\/2-6-12x12.jpg.webp 12w, https:\/\/njspike.com\/wp-content\/uploads\/2025\/03\/2-6-600x600.jpg 600w, https:\/\/njspike.com\/wp-content\/smush-webp\/2025\/03\/2-6-100x100.jpg.webp 100w\" sizes=\"(max-width: 750px) 100vw, 750px\" \/> <img decoding=\"async\" class=\"alignnone size-full wp-image-8516 lazyload\" data-src=\"https:\/\/njspike.com\/wp-content\/uploads\/2025\/03\/3-7.jpg\" alt=\"\" width=\"750\" height=\"750\" data-srcset=\"https:\/\/njspike.com\/wp-content\/uploads\/2025\/03\/3-7.jpg 750w, https:\/\/njspike.com\/wp-content\/uploads\/2025\/03\/3-7-300x300.jpg 300w, https:\/\/njspike.com\/wp-content\/smush-webp\/2025\/03\/3-7-150x150.jpg.webp 150w, https:\/\/njspike.com\/wp-content\/uploads\/2025\/03\/3-7-12x12.jpg 12w, https:\/\/njspike.com\/wp-content\/uploads\/2025\/03\/3-7-600x600.jpg 600w, https:\/\/njspike.com\/wp-content\/smush-webp\/2025\/03\/3-7-100x100.jpg.webp 100w\" data-sizes=\"(max-width: 750px) 100vw, 750px\" src=\"data:image\/gif;base64,R0lGODlhAQABAAAAACH5BAEKAAEALAAAAAABAAEAAAICTAEAOw==\" style=\"--smush-placeholder-width: 750px; --smush-placeholder-aspect-ratio: 750\/750;\" \/> <img decoding=\"async\" class=\"alignnone size-full wp-image-8517 lazyload\" data-src=\"https:\/\/njspike.com\/wp-content\/uploads\/2025\/03\/4-8.jpg\" alt=\"\" width=\"750\" height=\"750\" data-srcset=\"https:\/\/njspike.com\/wp-content\/uploads\/2025\/03\/4-8.jpg 750w, https:\/\/njspike.com\/wp-content\/uploads\/2025\/03\/4-8-300x300.jpg 300w, https:\/\/njspike.com\/wp-content\/smush-webp\/2025\/03\/4-8-150x150.jpg.webp 150w, https:\/\/njspike.com\/wp-content\/smush-webp\/2025\/03\/4-8-12x12.jpg.webp 12w, https:\/\/njspike.com\/wp-content\/uploads\/2025\/03\/4-8-600x600.jpg 600w, https:\/\/njspike.com\/wp-content\/smush-webp\/2025\/03\/4-8-100x100.jpg.webp 100w\" data-sizes=\"(max-width: 750px) 100vw, 750px\" src=\"data:image\/gif;base64,R0lGODlhAQABAAAAACH5BAEKAAEALAAAAAABAAEAAAICTAEAOw==\" style=\"--smush-placeholder-width: 750px; --smush-placeholder-aspect-ratio: 750\/750;\" \/> <img decoding=\"async\" class=\"alignnone size-full wp-image-8518 lazyload\" data-src=\"https:\/\/njspike.com\/wp-content\/uploads\/2025\/03\/5-7.jpg\" alt=\"\" width=\"747\" height=\"747\" data-srcset=\"https:\/\/njspike.com\/wp-content\/uploads\/2025\/03\/5-7.jpg 747w, https:\/\/njspike.com\/wp-content\/uploads\/2025\/03\/5-7-300x300.jpg 300w, https:\/\/njspike.com\/wp-content\/uploads\/2025\/03\/5-7-150x150.jpg 150w, https:\/\/njspike.com\/wp-content\/smush-webp\/2025\/03\/5-7-12x12.jpg.webp 12w, https:\/\/njspike.com\/wp-content\/smush-webp\/2025\/03\/5-7-600x600.jpg.webp 600w, https:\/\/njspike.com\/wp-content\/smush-webp\/2025\/03\/5-7-100x100.jpg.webp 100w\" data-sizes=\"(max-width: 747px) 100vw, 747px\" src=\"data:image\/gif;base64,R0lGODlhAQABAAAAACH5BAEKAAEALAAAAAABAAEAAAICTAEAOw==\" style=\"--smush-placeholder-width: 747px; --smush-placeholder-aspect-ratio: 747\/747;\" \/><\/p>","protected":false},"excerpt":{"rendered":"<p>1. Conception \u00e9cologique, facile \u00e0 assembler<br \/>\n2. Anti-corrosion, ignifuge, r\u00e9sistant aux moisissures, facile \u00e0 nettoyer.<br \/>\n3. Fabrication professionnelle, mat\u00e9riau non toxique et respectueux de l'environnement<br \/>\n4. OEM et conception du client disponibles<\/p>","protected":false},"featured_media":8522,"template":"","meta":[],"product_brand":[],"product_cat":[236],"product_tag":[],"class_list":{"0":"post-8513","1":"product","2":"type-product","3":"status-publish","4":"has-post-thumbnail","6":"product_cat-sensory-training-equipment","8":"first","9":"instock","10":"shipping-taxable","11":"product-type-simple"},"yoast_head":"<!-- This site is optimized with the Yoast SEO Premium plugin v24.5 (Yoast SEO v27.5) - https:\/\/yoast.com\/product\/yoast-seo-premium-wordpress\/ -->\n<title>Colorful Rainbow Honeycomb Slide for Kids - SPIKE<\/title>\n<meta name=\"robots\" content=\"index, follow, max-snippet:-1, max-image-preview:large, max-video-preview:-1\" \/>\n<link rel=\"canonical\" href=\"https:\/\/njspike.com\/fr\/produit\/rainbow-honeycomb-slide\/\" \/>\n<meta property=\"og:locale\" content=\"fr_FR\" \/>\n<meta property=\"og:type\" content=\"article\" \/>\n<meta property=\"og:title\" content=\"Colorful Rainbow Honeycomb Slide for Kids\" \/>\n<meta property=\"og:description\" content=\"1. Environmental Design, easy to assemble 2. Anti-corrosion, fire-proof, mothproof, easily cleaned-up 3. Professional manufacture, Non-toxic, environmental-friendly material 4. OEM and customer\u2019s design are available\" \/>\n<meta property=\"og:url\" content=\"https:\/\/njspike.com\/fr\/produit\/rainbow-honeycomb-slide\/\" \/>\n<meta property=\"og:site_name\" content=\"SPIKE\" \/>\n<meta property=\"article:publisher\" content=\"https:\/\/www.facebook.com\/spikeamusement\" \/>\n<meta property=\"og:image\" content=\"https:\/\/njspike.com\/wp-content\/uploads\/2025\/03\/9-6.jpg\" \/>\n\t<meta property=\"og:image:width\" content=\"750\" \/>\n\t<meta property=\"og:image:height\" content=\"750\" \/>\n\t<meta property=\"og:image:type\" content=\"image\/jpeg\" \/>\n<meta name=\"twitter:card\" content=\"summary_large_image\" \/>\n<meta name=\"twitter:label1\" content=\"Dur\u00e9e de lecture estim\u00e9e\" \/>\n\t<meta name=\"twitter:data1\" content=\"1 minute\" \/>\n<script type=\"application\/ld+json\" class=\"yoast-schema-graph\">{\"@context\":\"https:\\\/\\\/schema.org\",\"@graph\":[{\"@type\":\"WebPage\",\"@id\":\"https:\\\/\\\/njspike.com\\\/product\\\/rainbow-honeycomb-slide\\\/\",\"url\":\"https:\\\/\\\/njspike.com\\\/product\\\/rainbow-honeycomb-slide\\\/\",\"name\":\"Colorful Rainbow Honeycomb Slide for Kids - SPIKE\",\"isPartOf\":{\"@id\":\"https:\\\/\\\/njspike.com\\\/#website\"},\"primaryImageOfPage\":{\"@id\":\"https:\\\/\\\/njspike.com\\\/product\\\/rainbow-honeycomb-slide\\\/#primaryimage\"},\"image\":{\"@id\":\"https:\\\/\\\/njspike.com\\\/product\\\/rainbow-honeycomb-slide\\\/#primaryimage\"},\"thumbnailUrl\":\"https:\\\/\\\/njspike.com\\\/wp-content\\\/uploads\\\/2025\\\/03\\\/9-6.jpg\",\"datePublished\":\"2025-03-16T04:10:34+00:00\",\"breadcrumb\":{\"@id\":\"https:\\\/\\\/njspike.com\\\/product\\\/rainbow-honeycomb-slide\\\/#breadcrumb\"},\"inLanguage\":\"fr-FR\",\"potentialAction\":[{\"@type\":\"ReadAction\",\"target\":[\"https:\\\/\\\/njspike.com\\\/product\\\/rainbow-honeycomb-slide\\\/\"]}]},{\"@type\":\"ImageObject\",\"inLanguage\":\"fr-FR\",\"@id\":\"https:\\\/\\\/njspike.com\\\/product\\\/rainbow-honeycomb-slide\\\/#primaryimage\",\"url\":\"https:\\\/\\\/njspike.com\\\/wp-content\\\/uploads\\\/2025\\\/03\\\/9-6.jpg\",\"contentUrl\":\"https:\\\/\\\/njspike.com\\\/wp-content\\\/uploads\\\/2025\\\/03\\\/9-6.jpg\",\"width\":750,\"height\":750},{\"@type\":\"BreadcrumbList\",\"@id\":\"https:\\\/\\\/njspike.com\\\/product\\\/rainbow-honeycomb-slide\\\/#breadcrumb\",\"itemListElement\":[{\"@type\":\"ListItem\",\"position\":1,\"name\":\"SPIKE\",\"item\":\"https:\\\/\\\/njspike.com\\\/\"},{\"@type\":\"ListItem\",\"position\":2,\"name\":\"\u4ea7\u54c1\",\"item\":\"https:\\\/\\\/njspike.com\\\/shop\\\/\"},{\"@type\":\"ListItem\",\"position\":3,\"name\":\"Colorful Rainbow Honeycomb Slide for Kids\"}]},{\"@type\":\"WebSite\",\"@id\":\"https:\\\/\\\/njspike.com\\\/#website\",\"url\":\"https:\\\/\\\/njspike.com\\\/\",\"name\":\"Children Playground\",\"description\":\"Professional Children Playground Supplier\",\"publisher\":{\"@id\":\"https:\\\/\\\/njspike.com\\\/#organization\"},\"potentialAction\":[{\"@type\":\"SearchAction\",\"target\":{\"@type\":\"EntryPoint\",\"urlTemplate\":\"https:\\\/\\\/njspike.com\\\/?s={search_term_string}\"},\"query-input\":{\"@type\":\"PropertyValueSpecification\",\"valueRequired\":true,\"valueName\":\"search_term_string\"}}],\"inLanguage\":\"fr-FR\"},{\"@type\":\"Organization\",\"@id\":\"https:\\\/\\\/njspike.com\\\/#organization\",\"name\":\"Spike Anusement Equipments\",\"url\":\"https:\\\/\\\/njspike.com\\\/\",\"logo\":{\"@type\":\"ImageObject\",\"inLanguage\":\"fr-FR\",\"@id\":\"https:\\\/\\\/njspike.com\\\/#\\\/schema\\\/logo\\\/image\\\/\",\"url\":\"https:\\\/\\\/njspike.com\\\/wp-content\\\/uploads\\\/2023\\\/05\\\/logo-\u5c0f.png\",\"contentUrl\":\"https:\\\/\\\/njspike.com\\\/wp-content\\\/uploads\\\/2023\\\/05\\\/logo-\u5c0f.png\",\"width\":500,\"height\":233,\"caption\":\"Spike Anusement Equipments\"},\"image\":{\"@id\":\"https:\\\/\\\/njspike.com\\\/#\\\/schema\\\/logo\\\/image\\\/\"},\"sameAs\":[\"https:\\\/\\\/www.facebook.com\\\/spikeamusement\"]}]}<\/script>\n<!-- \/ Yoast SEO Premium plugin. -->","yoast_head_json":{"title":"Colorful Rainbow Honeycomb Slide for Kids - SPIKE","robots":{"index":"index","follow":"follow","max-snippet":"max-snippet:-1","max-image-preview":"max-image-preview:large","max-video-preview":"max-video-preview:-1"},"canonical":"https:\/\/njspike.com\/fr\/produit\/rainbow-honeycomb-slide\/","og_locale":"fr_FR","og_type":"article","og_title":"Colorful Rainbow Honeycomb Slide for Kids","og_description":"1. Environmental Design, easy to assemble 2. Anti-corrosion, fire-proof, mothproof, easily cleaned-up 3. Professional manufacture, Non-toxic, environmental-friendly material 4. OEM and customer\u2019s design are available","og_url":"https:\/\/njspike.com\/fr\/produit\/rainbow-honeycomb-slide\/","og_site_name":"SPIKE","article_publisher":"https:\/\/www.facebook.com\/spikeamusement","og_image":[{"width":750,"height":750,"url":"https:\/\/njspike.com\/wp-content\/uploads\/2025\/03\/9-6.jpg","type":"image\/jpeg"}],"twitter_card":"summary_large_image","twitter_misc":{"Dur\u00e9e de lecture estim\u00e9e":"1 minute"},"schema":{"@context":"https:\/\/schema.org","@graph":[{"@type":"WebPage","@id":"https:\/\/njspike.com\/product\/rainbow-honeycomb-slide\/","url":"https:\/\/njspike.com\/product\/rainbow-honeycomb-slide\/","name":"Colorful Rainbow Honeycomb Slide for Kids - SPIKE","isPartOf":{"@id":"https:\/\/njspike.com\/#website"},"primaryImageOfPage":{"@id":"https:\/\/njspike.com\/product\/rainbow-honeycomb-slide\/#primaryimage"},"image":{"@id":"https:\/\/njspike.com\/product\/rainbow-honeycomb-slide\/#primaryimage"},"thumbnailUrl":"https:\/\/njspike.com\/wp-content\/uploads\/2025\/03\/9-6.jpg","datePublished":"2025-03-16T04:10:34+00:00","breadcrumb":{"@id":"https:\/\/njspike.com\/product\/rainbow-honeycomb-slide\/#breadcrumb"},"inLanguage":"fr-FR","potentialAction":[{"@type":"ReadAction","target":["https:\/\/njspike.com\/product\/rainbow-honeycomb-slide\/"]}]},{"@type":"ImageObject","inLanguage":"fr-FR","@id":"https:\/\/njspike.com\/product\/rainbow-honeycomb-slide\/#primaryimage","url":"https:\/\/njspike.com\/wp-content\/uploads\/2025\/03\/9-6.jpg","contentUrl":"https:\/\/njspike.com\/wp-content\/uploads\/2025\/03\/9-6.jpg","width":750,"height":750},{"@type":"BreadcrumbList","@id":"https:\/\/njspike.com\/product\/rainbow-honeycomb-slide\/#breadcrumb","itemListElement":[{"@type":"ListItem","position":1,"name":"SPIKE","item":"https:\/\/njspike.com\/"},{"@type":"ListItem","position":2,"name":"\u4ea7\u54c1","item":"https:\/\/njspike.com\/shop\/"},{"@type":"ListItem","position":3,"name":"Colorful Rainbow Honeycomb Slide for Kids"}]},{"@type":"WebSite","@id":"https:\/\/njspike.com\/#website","url":"https:\/\/njspike.com\/","name":"Children Playground","description":"Professional Children Playground Supplier","publisher":{"@id":"https:\/\/njspike.com\/#organization"},"potentialAction":[{"@type":"SearchAction","target":{"@type":"EntryPoint","urlTemplate":"https:\/\/njspike.com\/?s={search_term_string}"},"query-input":{"@type":"PropertyValueSpecification","valueRequired":true,"valueName":"search_term_string"}}],"inLanguage":"fr-FR"},{"@type":"Organization","@id":"https:\/\/njspike.com\/#organization","name":"Spike Anusement Equipments","url":"https:\/\/njspike.com\/","logo":{"@type":"ImageObject","inLanguage":"fr-FR","@id":"https:\/\/njspike.com\/#\/schema\/logo\/image\/","url":"https:\/\/njspike.com\/wp-content\/uploads\/2023\/05\/logo-\u5c0f.png","contentUrl":"https:\/\/njspike.com\/wp-content\/uploads\/2023\/05\/logo-\u5c0f.png","width":500,"height":233,"caption":"Spike Anusement Equipments"},"image":{"@id":"https:\/\/njspike.com\/#\/schema\/logo\/image\/"},"sameAs":["https:\/\/www.facebook.com\/spikeamusement"]}]}},"_links":{"self":[{"href":"https:\/\/njspike.com\/fr\/wp-json\/wp\/v2\/product\/8513","targetHints":{"allow":["GET"]}}],"collection":[{"href":"https:\/\/njspike.com\/fr\/wp-json\/wp\/v2\/product"}],"about":[{"href":"https:\/\/njspike.com\/fr\/wp-json\/wp\/v2\/types\/product"}],"version-history":[{"count":1,"href":"https:\/\/njspike.com\/fr\/wp-json\/wp\/v2\/product\/8513\/revisions"}],"predecessor-version":[{"id":8523,"href":"https:\/\/njspike.com\/fr\/wp-json\/wp\/v2\/product\/8513\/revisions\/8523"}],"wp:featuredmedia":[{"embeddable":true,"href":"https:\/\/njspike.com\/fr\/wp-json\/wp\/v2\/media\/8522"}],"wp:attachment":[{"href":"https:\/\/njspike.com\/fr\/wp-json\/wp\/v2\/media?parent=8513"}],"wp:term":[{"taxonomy":"product_brand","embeddable":true,"href":"https:\/\/njspike.com\/fr\/wp-json\/wp\/v2\/product_brand?post=8513"},{"taxonomy":"product_cat","embeddable":true,"href":"https:\/\/njspike.com\/fr\/wp-json\/wp\/v2\/product_cat?post=8513"},{"taxonomy":"product_tag","embeddable":true,"href":"https:\/\/njspike.com\/fr\/wp-json\/wp\/v2\/product_tag?post=8513"}],"curies":[{"name":"wp","href":"https:\/\/api.w.org\/{rel}","templated":true}]}}