{"id":6544,"date":"2024-02-22T22:00:58","date_gmt":"2024-02-22T14:00:58","guid":{"rendered":"https:\/\/njspike.com\/?post_type=product&#038;p=6544"},"modified":"2025-03-13T23:37:16","modified_gmt":"2025-03-13T15:37:16","slug":"sbw004-ocean-ball-washing-disinfection-machine","status":"publish","type":"product","link":"https:\/\/njspike.com\/pt\/produto\/sbw004-ocean-ball-washing-disinfection-machine\/","title":{"rendered":"SBW004 M\u00e1quina de desinfe\u00e7\u00e3o para lavagem de bolas do mar"},"content":{"rendered":"<p>Fun\u00e7\u00e3o do produto:<br \/>\n1. Pode transferir facilmente a bola do oceano para a \u00e1rea designada.<br \/>\n2. Fun\u00e7\u00e3o de desinfe\u00e7\u00e3o por atomiza\u00e7\u00e3o, pode desinfetar brinquedos de interior e spray de bola do mar, matar eficazmente enterovious, pseudomonas aeruginosa, candialbicans, bolor, para malde\u00eddo e outras bact\u00e9rias nocivas, prevenir eficazmente doen\u00e7as infecciosas, tais como a gripe da m\u00e3o, febre aftosa e assim por diante.<br \/>\n3. Pode descontaminar e desinfetar as bolas do mar. Pode limpar as manchas da superf\u00edcie com uma escova de entrada de 360 graus e, em seguida, humidificar as bolas de \u00e1gua em todas as direc\u00e7\u00f5es por atomiza\u00e7\u00e3o na m\u00e1quina. Depois de todo o processo, as bolas de \u00e1gua ficam limpas e inodoras.<\/p>\n<p><img fetchpriority=\"high\" decoding=\"async\" class=\"alignnone size-full wp-image-6547\" src=\"https:\/\/njspike.com\/wp-content\/uploads\/2024\/02\/SBW005-3_01-jpg.webp\" alt=\"\" width=\"1200\" height=\"852\" srcset=\"https:\/\/njspike.com\/wp-content\/uploads\/2024\/02\/SBW005-3_01-jpg.webp 1200w, https:\/\/njspike.com\/wp-content\/uploads\/2024\/02\/SBW005-3_01-jpg-600x426.webp 600w, https:\/\/njspike.com\/wp-content\/uploads\/2024\/02\/SBW005-3_01-300x213.webp 300w, https:\/\/njspike.com\/wp-content\/uploads\/2024\/02\/SBW005-3_01-1024x727.webp 1024w, https:\/\/njspike.com\/wp-content\/uploads\/2024\/02\/SBW005-3_01-768x545.webp 768w\" sizes=\"(max-width: 1200px) 100vw, 1200px\" \/> <img decoding=\"async\" class=\"alignnone size-full wp-image-6548 lazyload\" data-src=\"https:\/\/njspike.com\/wp-content\/uploads\/2024\/02\/SBW005-3_02-jpg.webp\" alt=\"\" width=\"1200\" height=\"1278\" data-srcset=\"https:\/\/njspike.com\/wp-content\/uploads\/2024\/02\/SBW005-3_02-jpg.webp 1200w, https:\/\/njspike.com\/wp-content\/uploads\/2024\/02\/SBW005-3_02-jpg-600x639.webp 600w, https:\/\/njspike.com\/wp-content\/uploads\/2024\/02\/SBW005-3_02-282x300.webp 282w, https:\/\/njspike.com\/wp-content\/uploads\/2024\/02\/SBW005-3_02-962x1024.webp 962w, https:\/\/njspike.com\/wp-content\/uploads\/2024\/02\/SBW005-3_02-768x818.webp 768w\" data-sizes=\"(max-width: 1200px) 100vw, 1200px\" src=\"data:image\/gif;base64,R0lGODlhAQABAAAAACH5BAEKAAEALAAAAAABAAEAAAICTAEAOw==\" style=\"--smush-placeholder-width: 1200px; --smush-placeholder-aspect-ratio: 1200\/1278;\" \/> <img decoding=\"async\" class=\"alignnone size-full wp-image-6549 lazyload\" data-src=\"https:\/\/njspike.com\/wp-content\/uploads\/2024\/02\/SBW005-3_03-jpg.webp\" alt=\"\" width=\"1200\" height=\"809\" data-srcset=\"https:\/\/njspike.com\/wp-content\/uploads\/2024\/02\/SBW005-3_03-jpg.webp 1200w, https:\/\/njspike.com\/wp-content\/uploads\/2024\/02\/SBW005-3_03-jpg-600x405.webp 600w, https:\/\/njspike.com\/wp-content\/uploads\/2024\/02\/SBW005-3_03-300x202.webp 300w, https:\/\/njspike.com\/wp-content\/uploads\/2024\/02\/SBW005-3_03-1024x690.webp 1024w, https:\/\/njspike.com\/wp-content\/uploads\/2024\/02\/SBW005-3_03-768x518.webp 768w\" data-sizes=\"(max-width: 1200px) 100vw, 1200px\" src=\"data:image\/gif;base64,R0lGODlhAQABAAAAACH5BAEKAAEALAAAAAABAAEAAAICTAEAOw==\" style=\"--smush-placeholder-width: 1200px; --smush-placeholder-aspect-ratio: 1200\/809;\" \/> <img decoding=\"async\" class=\"alignnone size-full wp-image-6550 lazyload\" data-src=\"https:\/\/njspike.com\/wp-content\/uploads\/2024\/02\/SBW005-3_04-jpg.webp\" alt=\"\" width=\"1200\" height=\"807\" data-srcset=\"https:\/\/njspike.com\/wp-content\/uploads\/2024\/02\/SBW005-3_04-jpg.webp 1200w, https:\/\/njspike.com\/wp-content\/uploads\/2024\/02\/SBW005-3_04-jpg-600x404.webp 600w, https:\/\/njspike.com\/wp-content\/uploads\/2024\/02\/SBW005-3_04-300x202.webp 300w, https:\/\/njspike.com\/wp-content\/uploads\/2024\/02\/SBW005-3_04-1024x689.webp 1024w, https:\/\/njspike.com\/wp-content\/uploads\/2024\/02\/SBW005-3_04-768x516.webp 768w\" data-sizes=\"(max-width: 1200px) 100vw, 1200px\" src=\"data:image\/gif;base64,R0lGODlhAQABAAAAACH5BAEKAAEALAAAAAABAAEAAAICTAEAOw==\" style=\"--smush-placeholder-width: 1200px; --smush-placeholder-aspect-ratio: 1200\/807;\" \/> <img decoding=\"async\" class=\"alignnone size-full wp-image-6551 lazyload\" data-src=\"https:\/\/njspike.com\/wp-content\/uploads\/2024\/02\/SBW005-3_05-jpg.webp\" alt=\"\" width=\"1200\" height=\"807\" data-srcset=\"https:\/\/njspike.com\/wp-content\/uploads\/2024\/02\/SBW005-3_05-jpg.webp 1200w, https:\/\/njspike.com\/wp-content\/uploads\/2024\/02\/SBW005-3_05-jpg-600x404.webp 600w, https:\/\/njspike.com\/wp-content\/uploads\/2024\/02\/SBW005-3_05-300x202.webp 300w, https:\/\/njspike.com\/wp-content\/uploads\/2024\/02\/SBW005-3_05-1024x689.webp 1024w, https:\/\/njspike.com\/wp-content\/uploads\/2024\/02\/SBW005-3_05-768x516.webp 768w\" data-sizes=\"(max-width: 1200px) 100vw, 1200px\" src=\"data:image\/gif;base64,R0lGODlhAQABAAAAACH5BAEKAAEALAAAAAABAAEAAAICTAEAOw==\" style=\"--smush-placeholder-width: 1200px; --smush-placeholder-aspect-ratio: 1200\/807;\" \/> <img decoding=\"async\" class=\"alignnone size-full wp-image-6552 lazyload\" data-src=\"https:\/\/njspike.com\/wp-content\/uploads\/2024\/02\/SBW005-3_06-jpg.webp\" alt=\"\" width=\"1200\" height=\"793\" data-srcset=\"https:\/\/njspike.com\/wp-content\/uploads\/2024\/02\/SBW005-3_06-jpg.webp 1200w, https:\/\/njspike.com\/wp-content\/uploads\/2024\/02\/SBW005-3_06-jpg-600x397.webp 600w, https:\/\/njspike.com\/wp-content\/uploads\/2024\/02\/SBW005-3_06-300x198.webp 300w, https:\/\/njspike.com\/wp-content\/uploads\/2024\/02\/SBW005-3_06-1024x677.webp 1024w, https:\/\/njspike.com\/wp-content\/uploads\/2024\/02\/SBW005-3_06-768x508.webp 768w\" data-sizes=\"(max-width: 1200px) 100vw, 1200px\" src=\"data:image\/gif;base64,R0lGODlhAQABAAAAACH5BAEKAAEALAAAAAABAAEAAAICTAEAOw==\" style=\"--smush-placeholder-width: 1200px; --smush-placeholder-aspect-ratio: 1200\/793;\" \/> <img decoding=\"async\" class=\"alignnone size-full wp-image-6554 lazyload\" data-src=\"https:\/\/njspike.com\/wp-content\/uploads\/2024\/02\/SBW005-3_08-jpg.webp\" alt=\"\" width=\"1200\" height=\"806\" data-srcset=\"https:\/\/njspike.com\/wp-content\/uploads\/2024\/02\/SBW005-3_08-jpg.webp 1200w, https:\/\/njspike.com\/wp-content\/uploads\/2024\/02\/SBW005-3_08-jpg-600x403.webp 600w, https:\/\/njspike.com\/wp-content\/uploads\/2024\/02\/SBW005-3_08-300x202.webp 300w, https:\/\/njspike.com\/wp-content\/uploads\/2024\/02\/SBW005-3_08-1024x688.webp 1024w, https:\/\/njspike.com\/wp-content\/uploads\/2024\/02\/SBW005-3_08-768x516.webp 768w\" data-sizes=\"(max-width: 1200px) 100vw, 1200px\" src=\"data:image\/gif;base64,R0lGODlhAQABAAAAACH5BAEKAAEALAAAAAABAAEAAAICTAEAOw==\" style=\"--smush-placeholder-width: 1200px; --smush-placeholder-aspect-ratio: 1200\/806;\" \/> <img decoding=\"async\" class=\"alignnone size-full wp-image-6555 lazyload\" data-src=\"https:\/\/njspike.com\/wp-content\/uploads\/2024\/02\/SBW005-3_09-jpg.webp\" alt=\"\" width=\"1200\" height=\"806\" data-srcset=\"https:\/\/njspike.com\/wp-content\/uploads\/2024\/02\/SBW005-3_09-jpg.webp 1200w, https:\/\/njspike.com\/wp-content\/uploads\/2024\/02\/SBW005-3_09-jpg-600x403.webp 600w, https:\/\/njspike.com\/wp-content\/uploads\/2024\/02\/SBW005-3_09-300x202.webp 300w, https:\/\/njspike.com\/wp-content\/uploads\/2024\/02\/SBW005-3_09-1024x688.webp 1024w, https:\/\/njspike.com\/wp-content\/uploads\/2024\/02\/SBW005-3_09-768x516.webp 768w\" data-sizes=\"(max-width: 1200px) 100vw, 1200px\" src=\"data:image\/gif;base64,R0lGODlhAQABAAAAACH5BAEKAAEALAAAAAABAAEAAAICTAEAOw==\" style=\"--smush-placeholder-width: 1200px; --smush-placeholder-aspect-ratio: 1200\/806;\" \/><\/p>\n<p>&nbsp;<\/p>","protected":false},"excerpt":{"rendered":"<p>Product Function: 1. Can easily transfer the ocean ball to the designated area. 2. Atomozation disinfection function, it can disinfect indoor toys and sea ball spray, effectively kill enterovious, pseudomonas aeruginosa, candialbicans, mold, for maldehyde and other harmful bacteria, effectively prevent infectious diseases, such as hand foot mouth influenza and so on. 3. It can [&hellip;]<\/p>","protected":false},"featured_media":6546,"template":"","meta":[],"product_brand":[],"product_cat":[226],"product_tag":[],"class_list":{"0":"post-6544","1":"product","2":"type-product","3":"status-publish","4":"has-post-thumbnail","6":"product_cat-indoor-playground-equipments","8":"first","9":"instock","10":"downloadable","11":"shipping-taxable","12":"product-type-simple"},"yoast_head":"<!-- This site is optimized with the Yoast SEO Premium plugin v24.5 (Yoast SEO v27.5) - https:\/\/yoast.com\/product\/yoast-seo-premium-wordpress\/ -->\n<title>SBW004 Ocean Ball Washing Disinfection Machine - SPIKE<\/title>\n<meta name=\"robots\" content=\"index, follow, max-snippet:-1, max-image-preview:large, max-video-preview:-1\" \/>\n<link rel=\"canonical\" href=\"https:\/\/njspike.com\/pt\/produto\/sbw004-ocean-ball-washing-disinfection-machine\/\" \/>\n<meta property=\"og:locale\" content=\"pt_PT\" \/>\n<meta property=\"og:type\" content=\"article\" \/>\n<meta property=\"og:title\" content=\"SBW004 Ocean Ball Washing Disinfection Machine\" \/>\n<meta property=\"og:description\" content=\"Product Function: 1. Can easily transfer the ocean ball to the designated area. 2. Atomozation disinfection function, it can disinfect indoor toys and sea ball spray, effectively kill enterovious, pseudomonas aeruginosa, candialbicans, mold, for maldehyde and other harmful bacteria, effectively prevent infectious diseases, such as hand foot mouth influenza and so on. 3. It can [&hellip;]\" \/>\n<meta property=\"og:url\" content=\"https:\/\/njspike.com\/pt\/produto\/sbw004-ocean-ball-washing-disinfection-machine\/\" \/>\n<meta property=\"og:site_name\" content=\"SPIKE\" \/>\n<meta property=\"article:publisher\" content=\"https:\/\/www.facebook.com\/spikeamusement\" \/>\n<meta property=\"article:modified_time\" content=\"2025-03-13T15:37:16+00:00\" \/>\n<meta property=\"og:image\" content=\"https:\/\/njspike.com\/wp-content\/uploads\/2024\/02\/SBW005-2-jpg.webp\" \/>\n\t<meta property=\"og:image:width\" content=\"1200\" \/>\n\t<meta property=\"og:image:height\" content=\"1200\" \/>\n\t<meta property=\"og:image:type\" content=\"image\/jpeg\" \/>\n<meta name=\"twitter:card\" content=\"summary_large_image\" \/>\n<meta name=\"twitter:label1\" content=\"Tempo estimado de leitura\" \/>\n\t<meta name=\"twitter:data1\" content=\"3 minutos\" \/>\n<script type=\"application\/ld+json\" class=\"yoast-schema-graph\">{\"@context\":\"https:\\\/\\\/schema.org\",\"@graph\":[{\"@type\":\"WebPage\",\"@id\":\"https:\\\/\\\/njspike.com\\\/product\\\/sbw004-ocean-ball-washing-disinfection-machine\\\/\",\"url\":\"https:\\\/\\\/njspike.com\\\/product\\\/sbw004-ocean-ball-washing-disinfection-machine\\\/\",\"name\":\"SBW004 Ocean Ball Washing Disinfection Machine - SPIKE\",\"isPartOf\":{\"@id\":\"https:\\\/\\\/njspike.com\\\/#website\"},\"primaryImageOfPage\":{\"@id\":\"https:\\\/\\\/njspike.com\\\/product\\\/sbw004-ocean-ball-washing-disinfection-machine\\\/#primaryimage\"},\"image\":{\"@id\":\"https:\\\/\\\/njspike.com\\\/product\\\/sbw004-ocean-ball-washing-disinfection-machine\\\/#primaryimage\"},\"thumbnailUrl\":\"https:\\\/\\\/njspike.com\\\/wp-content\\\/uploads\\\/2024\\\/02\\\/SBW005-2-jpg.webp\",\"datePublished\":\"2024-02-22T14:00:58+00:00\",\"dateModified\":\"2025-03-13T15:37:16+00:00\",\"breadcrumb\":{\"@id\":\"https:\\\/\\\/njspike.com\\\/product\\\/sbw004-ocean-ball-washing-disinfection-machine\\\/#breadcrumb\"},\"inLanguage\":\"pt-PT\",\"potentialAction\":[{\"@type\":\"ReadAction\",\"target\":[\"https:\\\/\\\/njspike.com\\\/product\\\/sbw004-ocean-ball-washing-disinfection-machine\\\/\"]}]},{\"@type\":\"ImageObject\",\"inLanguage\":\"pt-PT\",\"@id\":\"https:\\\/\\\/njspike.com\\\/product\\\/sbw004-ocean-ball-washing-disinfection-machine\\\/#primaryimage\",\"url\":\"https:\\\/\\\/njspike.com\\\/wp-content\\\/uploads\\\/2024\\\/02\\\/SBW005-2-jpg.webp\",\"contentUrl\":\"https:\\\/\\\/njspike.com\\\/wp-content\\\/uploads\\\/2024\\\/02\\\/SBW005-2-jpg.webp\",\"width\":1200,\"height\":1200},{\"@type\":\"BreadcrumbList\",\"@id\":\"https:\\\/\\\/njspike.com\\\/product\\\/sbw004-ocean-ball-washing-disinfection-machine\\\/#breadcrumb\",\"itemListElement\":[{\"@type\":\"ListItem\",\"position\":1,\"name\":\"SPIKE\",\"item\":\"https:\\\/\\\/njspike.com\\\/\"},{\"@type\":\"ListItem\",\"position\":2,\"name\":\"\u4ea7\u54c1\",\"item\":\"https:\\\/\\\/njspike.com\\\/shop\\\/\"},{\"@type\":\"ListItem\",\"position\":3,\"name\":\"SBW004 Ocean Ball Washing Disinfection Machine\"}]},{\"@type\":\"WebSite\",\"@id\":\"https:\\\/\\\/njspike.com\\\/#website\",\"url\":\"https:\\\/\\\/njspike.com\\\/\",\"name\":\"Children Playground\",\"description\":\"Professional Children Playground Supplier\",\"publisher\":{\"@id\":\"https:\\\/\\\/njspike.com\\\/#organization\"},\"potentialAction\":[{\"@type\":\"SearchAction\",\"target\":{\"@type\":\"EntryPoint\",\"urlTemplate\":\"https:\\\/\\\/njspike.com\\\/?s={search_term_string}\"},\"query-input\":{\"@type\":\"PropertyValueSpecification\",\"valueRequired\":true,\"valueName\":\"search_term_string\"}}],\"inLanguage\":\"pt-PT\"},{\"@type\":\"Organization\",\"@id\":\"https:\\\/\\\/njspike.com\\\/#organization\",\"name\":\"Spike Anusement Equipments\",\"url\":\"https:\\\/\\\/njspike.com\\\/\",\"logo\":{\"@type\":\"ImageObject\",\"inLanguage\":\"pt-PT\",\"@id\":\"https:\\\/\\\/njspike.com\\\/#\\\/schema\\\/logo\\\/image\\\/\",\"url\":\"https:\\\/\\\/njspike.com\\\/wp-content\\\/uploads\\\/2023\\\/05\\\/logo-\u5c0f.png\",\"contentUrl\":\"https:\\\/\\\/njspike.com\\\/wp-content\\\/uploads\\\/2023\\\/05\\\/logo-\u5c0f.png\",\"width\":500,\"height\":233,\"caption\":\"Spike Anusement Equipments\"},\"image\":{\"@id\":\"https:\\\/\\\/njspike.com\\\/#\\\/schema\\\/logo\\\/image\\\/\"},\"sameAs\":[\"https:\\\/\\\/www.facebook.com\\\/spikeamusement\"]}]}<\/script>\n<!-- \/ Yoast SEO Premium plugin. -->","yoast_head_json":{"title":"SBW004 Ocean Ball Washing Disinfection Machine - SPIKE","robots":{"index":"index","follow":"follow","max-snippet":"max-snippet:-1","max-image-preview":"max-image-preview:large","max-video-preview":"max-video-preview:-1"},"canonical":"https:\/\/njspike.com\/pt\/produto\/sbw004-ocean-ball-washing-disinfection-machine\/","og_locale":"pt_PT","og_type":"article","og_title":"SBW004 Ocean Ball Washing Disinfection Machine","og_description":"Product Function: 1. Can easily transfer the ocean ball to the designated area. 2. Atomozation disinfection function, it can disinfect indoor toys and sea ball spray, effectively kill enterovious, pseudomonas aeruginosa, candialbicans, mold, for maldehyde and other harmful bacteria, effectively prevent infectious diseases, such as hand foot mouth influenza and so on. 3. It can [&hellip;]","og_url":"https:\/\/njspike.com\/pt\/produto\/sbw004-ocean-ball-washing-disinfection-machine\/","og_site_name":"SPIKE","article_publisher":"https:\/\/www.facebook.com\/spikeamusement","article_modified_time":"2025-03-13T15:37:16+00:00","og_image":[{"width":1200,"height":1200,"url":"https:\/\/njspike.com\/wp-content\/uploads\/2024\/02\/SBW005-2-jpg.webp","type":"image\/jpeg"}],"twitter_card":"summary_large_image","twitter_misc":{"Tempo estimado de leitura":"3 minutos"},"schema":{"@context":"https:\/\/schema.org","@graph":[{"@type":"WebPage","@id":"https:\/\/njspike.com\/product\/sbw004-ocean-ball-washing-disinfection-machine\/","url":"https:\/\/njspike.com\/product\/sbw004-ocean-ball-washing-disinfection-machine\/","name":"SBW004 Ocean Ball Washing Disinfection Machine - SPIKE","isPartOf":{"@id":"https:\/\/njspike.com\/#website"},"primaryImageOfPage":{"@id":"https:\/\/njspike.com\/product\/sbw004-ocean-ball-washing-disinfection-machine\/#primaryimage"},"image":{"@id":"https:\/\/njspike.com\/product\/sbw004-ocean-ball-washing-disinfection-machine\/#primaryimage"},"thumbnailUrl":"https:\/\/njspike.com\/wp-content\/uploads\/2024\/02\/SBW005-2-jpg.webp","datePublished":"2024-02-22T14:00:58+00:00","dateModified":"2025-03-13T15:37:16+00:00","breadcrumb":{"@id":"https:\/\/njspike.com\/product\/sbw004-ocean-ball-washing-disinfection-machine\/#breadcrumb"},"inLanguage":"pt-PT","potentialAction":[{"@type":"ReadAction","target":["https:\/\/njspike.com\/product\/sbw004-ocean-ball-washing-disinfection-machine\/"]}]},{"@type":"ImageObject","inLanguage":"pt-PT","@id":"https:\/\/njspike.com\/product\/sbw004-ocean-ball-washing-disinfection-machine\/#primaryimage","url":"https:\/\/njspike.com\/wp-content\/uploads\/2024\/02\/SBW005-2-jpg.webp","contentUrl":"https:\/\/njspike.com\/wp-content\/uploads\/2024\/02\/SBW005-2-jpg.webp","width":1200,"height":1200},{"@type":"BreadcrumbList","@id":"https:\/\/njspike.com\/product\/sbw004-ocean-ball-washing-disinfection-machine\/#breadcrumb","itemListElement":[{"@type":"ListItem","position":1,"name":"SPIKE","item":"https:\/\/njspike.com\/"},{"@type":"ListItem","position":2,"name":"\u4ea7\u54c1","item":"https:\/\/njspike.com\/shop\/"},{"@type":"ListItem","position":3,"name":"SBW004 Ocean Ball Washing Disinfection Machine"}]},{"@type":"WebSite","@id":"https:\/\/njspike.com\/#website","url":"https:\/\/njspike.com\/","name":"Children Playground","description":"Professional Children Playground Supplier","publisher":{"@id":"https:\/\/njspike.com\/#organization"},"potentialAction":[{"@type":"SearchAction","target":{"@type":"EntryPoint","urlTemplate":"https:\/\/njspike.com\/?s={search_term_string}"},"query-input":{"@type":"PropertyValueSpecification","valueRequired":true,"valueName":"search_term_string"}}],"inLanguage":"pt-PT"},{"@type":"Organization","@id":"https:\/\/njspike.com\/#organization","name":"Spike Anusement Equipments","url":"https:\/\/njspike.com\/","logo":{"@type":"ImageObject","inLanguage":"pt-PT","@id":"https:\/\/njspike.com\/#\/schema\/logo\/image\/","url":"https:\/\/njspike.com\/wp-content\/uploads\/2023\/05\/logo-\u5c0f.png","contentUrl":"https:\/\/njspike.com\/wp-content\/uploads\/2023\/05\/logo-\u5c0f.png","width":500,"height":233,"caption":"Spike Anusement Equipments"},"image":{"@id":"https:\/\/njspike.com\/#\/schema\/logo\/image\/"},"sameAs":["https:\/\/www.facebook.com\/spikeamusement"]}]}},"_links":{"self":[{"href":"https:\/\/njspike.com\/pt\/wp-json\/wp\/v2\/product\/6544","targetHints":{"allow":["GET"]}}],"collection":[{"href":"https:\/\/njspike.com\/pt\/wp-json\/wp\/v2\/product"}],"about":[{"href":"https:\/\/njspike.com\/pt\/wp-json\/wp\/v2\/types\/product"}],"version-history":[{"count":2,"href":"https:\/\/njspike.com\/pt\/wp-json\/wp\/v2\/product\/6544\/revisions"}],"predecessor-version":[{"id":6988,"href":"https:\/\/njspike.com\/pt\/wp-json\/wp\/v2\/product\/6544\/revisions\/6988"}],"wp:featuredmedia":[{"embeddable":true,"href":"https:\/\/njspike.com\/pt\/wp-json\/wp\/v2\/media\/6546"}],"wp:attachment":[{"href":"https:\/\/njspike.com\/pt\/wp-json\/wp\/v2\/media?parent=6544"}],"wp:term":[{"taxonomy":"product_brand","embeddable":true,"href":"https:\/\/njspike.com\/pt\/wp-json\/wp\/v2\/product_brand?post=6544"},{"taxonomy":"product_cat","embeddable":true,"href":"https:\/\/njspike.com\/pt\/wp-json\/wp\/v2\/product_cat?post=6544"},{"taxonomy":"product_tag","embeddable":true,"href":"https:\/\/njspike.com\/pt\/wp-json\/wp\/v2\/product_tag?post=6544"}],"curies":[{"name":"wp","href":"https:\/\/api.w.org\/{rel}","templated":true}]}}