{"id":9563,"date":"2025-05-14T17:00:30","date_gmt":"2025-05-14T09:00:30","guid":{"rendered":"https:\/\/njspike.com\/?post_type=product&#038;p=9563"},"modified":"2025-05-14T17:12:09","modified_gmt":"2025-05-14T09:12:09","slug":"spk221-children-plastic-sensory-training-equipment","status":"publish","type":"product","link":"https:\/\/njspike.com\/pt\/produto\/spk221-children-plastic-sensory-training-equipment\/","title":{"rendered":"SPK221 Equipamento de treino sensorial em pl\u00e1stico para crian\u00e7as"},"content":{"rendered":"<p><strong>Introdu\u00e7\u00e3o do produto:<\/strong><br \/>\nOs jogos de manuten\u00e7\u00e3o f\u00edsica ao ar livre s\u00e3o compostos por pe\u00e7as principais, conectores, acess\u00f3rios adicionais, sacos avan\u00e7ados e materiais de armazenamento. As pe\u00e7as principais, os conectores, os acess\u00f3rios adicionais e os sacos avan\u00e7ados podem construir uma variedade de percursos desportivos para permitir que as crian\u00e7as experimentem a divers\u00e3o e os desafios do desporto nos jogos desportivos.<\/p>\n<p><strong>Carater\u00edsticas do produto:<\/strong><br \/>\nDesign amigo das crian\u00e7as, seguro, est\u00e1vel e f\u00e1cil de utilizar, design com grandes cantos arredondados para proteger os produtos de seguran\u00e7a das crian\u00e7as<\/p>\n<p><strong>Destaques:<\/strong><br \/>\nResistente ao desgaste exterior e anti-envelhecimento, adequado para diferentes locais, extens\u00e3o multidirecional, divertido e jog\u00e1vel, estrutura interna est\u00e1vel, melhora de forma abrangente as capacidades das crian\u00e7as, enriquece a experi\u00eancia de jogo das crian\u00e7as, promove a sa\u00fade f\u00edsica e mental das crian\u00e7as e cultiva as capacidades de coopera\u00e7\u00e3o das crian\u00e7as<\/p>\n<p>&nbsp;<\/p>\n<p><strong>SPK22101: 17pcs\/conjunto<\/strong><\/p>\n<p><img fetchpriority=\"high\" decoding=\"async\" class=\"alignnone size-full wp-image-9566\" src=\"https:\/\/njspike.com\/wp-content\/uploads\/2025\/05\/SPK22101-1.jpg\" alt=\"\" width=\"1200\" height=\"641\" srcset=\"https:\/\/njspike.com\/wp-content\/uploads\/2025\/05\/SPK22101-1.jpg 1200w, https:\/\/njspike.com\/wp-content\/smush-webp\/2025\/05\/SPK22101-1-300x160.jpg.webp 300w, https:\/\/njspike.com\/wp-content\/smush-webp\/2025\/05\/SPK22101-1-1024x547.jpg.webp 1024w, https:\/\/njspike.com\/wp-content\/smush-webp\/2025\/05\/SPK22101-1-768x410.jpg.webp 768w, https:\/\/njspike.com\/wp-content\/smush-webp\/2025\/05\/SPK22101-1-18x10.jpg.webp 18w, https:\/\/njspike.com\/wp-content\/smush-webp\/2025\/05\/SPK22101-1-600x321.jpg.webp 600w\" sizes=\"(max-width: 1200px) 100vw, 1200px\" \/><\/p>\n<p><strong>SPK22102: 26pcs\/conjunto<br \/>\n<\/strong><\/p>\n<p><img decoding=\"async\" class=\"alignnone size-full wp-image-9568 lazyload\" data-src=\"https:\/\/njspike.com\/wp-content\/uploads\/2025\/05\/SPK22102-1.jpg\" alt=\"\" width=\"1200\" height=\"808\" data-srcset=\"https:\/\/njspike.com\/wp-content\/uploads\/2025\/05\/SPK22102-1.jpg 1200w, https:\/\/njspike.com\/wp-content\/smush-webp\/2025\/05\/SPK22102-1-300x202.jpg.webp 300w, https:\/\/njspike.com\/wp-content\/smush-webp\/2025\/05\/SPK22102-1-1024x689.jpg.webp 1024w, https:\/\/njspike.com\/wp-content\/smush-webp\/2025\/05\/SPK22102-1-768x517.jpg.webp 768w, https:\/\/njspike.com\/wp-content\/smush-webp\/2025\/05\/SPK22102-1-18x12.jpg.webp 18w, https:\/\/njspike.com\/wp-content\/smush-webp\/2025\/05\/SPK22102-1-600x404.jpg.webp 600w\" data-sizes=\"(max-width: 1200px) 100vw, 1200px\" src=\"data:image\/gif;base64,R0lGODlhAQABAAAAACH5BAEKAAEALAAAAAABAAEAAAICTAEAOw==\" style=\"--smush-placeholder-width: 1200px; --smush-placeholder-aspect-ratio: 1200\/808;\" \/><\/p>\n<p><strong>SPK22103: 22pcs\/set<br \/>\n<\/strong><\/p>\n<p><img decoding=\"async\" class=\"alignnone size-full wp-image-9570 lazyload\" data-src=\"https:\/\/njspike.com\/wp-content\/uploads\/2025\/05\/SPK22103-1.jpg\" alt=\"\" width=\"1200\" height=\"675\" data-srcset=\"https:\/\/njspike.com\/wp-content\/uploads\/2025\/05\/SPK22103-1.jpg 1200w, https:\/\/njspike.com\/wp-content\/smush-webp\/2025\/05\/SPK22103-1-300x169.jpg.webp 300w, https:\/\/njspike.com\/wp-content\/smush-webp\/2025\/05\/SPK22103-1-1024x576.jpg.webp 1024w, https:\/\/njspike.com\/wp-content\/smush-webp\/2025\/05\/SPK22103-1-768x432.jpg.webp 768w, https:\/\/njspike.com\/wp-content\/smush-webp\/2025\/05\/SPK22103-1-18x10.jpg.webp 18w, https:\/\/njspike.com\/wp-content\/smush-webp\/2025\/05\/SPK22103-1-600x338.jpg.webp 600w\" data-sizes=\"(max-width: 1200px) 100vw, 1200px\" src=\"data:image\/gif;base64,R0lGODlhAQABAAAAACH5BAEKAAEALAAAAAABAAEAAAICTAEAOw==\" style=\"--smush-placeholder-width: 1200px; --smush-placeholder-aspect-ratio: 1200\/675;\" \/><\/p>\n<p><strong>SPK22104: 30pcs\/conjunto<br \/>\n<\/strong><\/p>\n<p><img decoding=\"async\" class=\"alignnone size-full wp-image-9572 lazyload\" data-src=\"https:\/\/njspike.com\/wp-content\/uploads\/2025\/05\/SPK22104-1.jpg\" alt=\"\" width=\"1200\" height=\"620\" data-srcset=\"https:\/\/njspike.com\/wp-content\/uploads\/2025\/05\/SPK22104-1.jpg 1200w, https:\/\/njspike.com\/wp-content\/smush-webp\/2025\/05\/SPK22104-1-300x155.jpg.webp 300w, https:\/\/njspike.com\/wp-content\/smush-webp\/2025\/05\/SPK22104-1-1024x529.jpg.webp 1024w, https:\/\/njspike.com\/wp-content\/smush-webp\/2025\/05\/SPK22104-1-768x397.jpg.webp 768w, https:\/\/njspike.com\/wp-content\/smush-webp\/2025\/05\/SPK22104-1-18x9.jpg.webp 18w, https:\/\/njspike.com\/wp-content\/smush-webp\/2025\/05\/SPK22104-1-600x310.jpg.webp 600w\" data-sizes=\"(max-width: 1200px) 100vw, 1200px\" src=\"data:image\/gif;base64,R0lGODlhAQABAAAAACH5BAEKAAEALAAAAAABAAEAAAICTAEAOw==\" style=\"--smush-placeholder-width: 1200px; --smush-placeholder-aspect-ratio: 1200\/620;\" \/><\/p>\n<p><strong>SPK22105: 29pcs\/conjunto<br \/>\n<\/strong><\/p>\n<p><img decoding=\"async\" class=\"alignnone size-full wp-image-9574 lazyload\" data-src=\"https:\/\/njspike.com\/wp-content\/uploads\/2025\/05\/SPK22105-1.jpg\" alt=\"\" width=\"1200\" height=\"715\" data-srcset=\"https:\/\/njspike.com\/wp-content\/uploads\/2025\/05\/SPK22105-1.jpg 1200w, https:\/\/njspike.com\/wp-content\/smush-webp\/2025\/05\/SPK22105-1-300x179.jpg.webp 300w, https:\/\/njspike.com\/wp-content\/smush-webp\/2025\/05\/SPK22105-1-1024x610.jpg.webp 1024w, https:\/\/njspike.com\/wp-content\/smush-webp\/2025\/05\/SPK22105-1-768x458.jpg.webp 768w, https:\/\/njspike.com\/wp-content\/smush-webp\/2025\/05\/SPK22105-1-18x12.jpg.webp 18w, https:\/\/njspike.com\/wp-content\/smush-webp\/2025\/05\/SPK22105-1-600x358.jpg.webp 600w\" data-sizes=\"(max-width: 1200px) 100vw, 1200px\" src=\"data:image\/gif;base64,R0lGODlhAQABAAAAACH5BAEKAAEALAAAAAABAAEAAAICTAEAOw==\" style=\"--smush-placeholder-width: 1200px; --smush-placeholder-aspect-ratio: 1200\/715;\" \/><\/p>\n<p><strong>SPK22106: 38pcs\/set<br \/>\n<\/strong><\/p>\n<p><img decoding=\"async\" class=\"alignnone size-full wp-image-9576 lazyload\" data-src=\"https:\/\/njspike.com\/wp-content\/uploads\/2025\/05\/SPK22106-1.jpg\" alt=\"\" width=\"1200\" height=\"692\" data-srcset=\"https:\/\/njspike.com\/wp-content\/uploads\/2025\/05\/SPK22106-1.jpg 1200w, https:\/\/njspike.com\/wp-content\/smush-webp\/2025\/05\/SPK22106-1-300x173.jpg.webp 300w, https:\/\/njspike.com\/wp-content\/smush-webp\/2025\/05\/SPK22106-1-1024x591.jpg.webp 1024w, https:\/\/njspike.com\/wp-content\/smush-webp\/2025\/05\/SPK22106-1-768x443.jpg.webp 768w, https:\/\/njspike.com\/wp-content\/smush-webp\/2025\/05\/SPK22106-1-18x10.jpg.webp 18w, https:\/\/njspike.com\/wp-content\/smush-webp\/2025\/05\/SPK22106-1-600x346.jpg.webp 600w\" data-sizes=\"(max-width: 1200px) 100vw, 1200px\" src=\"data:image\/gif;base64,R0lGODlhAQABAAAAACH5BAEKAAEALAAAAAABAAEAAAICTAEAOw==\" style=\"--smush-placeholder-width: 1200px; --smush-placeholder-aspect-ratio: 1200\/692;\" \/><\/p>\n<p><strong>SPK22107: 37pcs\/conjunto<br \/>\n<\/strong><\/p>\n<p><img decoding=\"async\" class=\"alignnone size-full wp-image-9578 lazyload\" data-src=\"https:\/\/njspike.com\/wp-content\/uploads\/2025\/05\/SPK22107-1.jpg\" alt=\"\" width=\"1200\" height=\"671\" data-srcset=\"https:\/\/njspike.com\/wp-content\/uploads\/2025\/05\/SPK22107-1.jpg 1200w, https:\/\/njspike.com\/wp-content\/smush-webp\/2025\/05\/SPK22107-1-300x168.jpg.webp 300w, https:\/\/njspike.com\/wp-content\/smush-webp\/2025\/05\/SPK22107-1-1024x573.jpg.webp 1024w, https:\/\/njspike.com\/wp-content\/smush-webp\/2025\/05\/SPK22107-1-768x429.jpg.webp 768w, https:\/\/njspike.com\/wp-content\/smush-webp\/2025\/05\/SPK22107-1-18x10.jpg.webp 18w, https:\/\/njspike.com\/wp-content\/smush-webp\/2025\/05\/SPK22107-1-600x336.jpg.webp 600w\" data-sizes=\"(max-width: 1200px) 100vw, 1200px\" src=\"data:image\/gif;base64,R0lGODlhAQABAAAAACH5BAEKAAEALAAAAAABAAEAAAICTAEAOw==\" style=\"--smush-placeholder-width: 1200px; --smush-placeholder-aspect-ratio: 1200\/671;\" \/><\/p>\n<p><strong>SPK22108: 48pcs\/conjunto<br \/>\n<\/strong><\/p>\n<p><img decoding=\"async\" class=\"alignnone size-full wp-image-9580 lazyload\" data-src=\"https:\/\/njspike.com\/wp-content\/uploads\/2025\/05\/SPK22108-1.jpg\" alt=\"\" width=\"1200\" height=\"635\" data-srcset=\"https:\/\/njspike.com\/wp-content\/uploads\/2025\/05\/SPK22108-1.jpg 1200w, https:\/\/njspike.com\/wp-content\/smush-webp\/2025\/05\/SPK22108-1-300x159.jpg.webp 300w, https:\/\/njspike.com\/wp-content\/smush-webp\/2025\/05\/SPK22108-1-1024x542.jpg.webp 1024w, https:\/\/njspike.com\/wp-content\/smush-webp\/2025\/05\/SPK22108-1-768x406.jpg.webp 768w, https:\/\/njspike.com\/wp-content\/smush-webp\/2025\/05\/SPK22108-1-18x10.jpg.webp 18w, https:\/\/njspike.com\/wp-content\/smush-webp\/2025\/05\/SPK22108-1-600x318.jpg.webp 600w\" data-sizes=\"(max-width: 1200px) 100vw, 1200px\" src=\"data:image\/gif;base64,R0lGODlhAQABAAAAACH5BAEKAAEALAAAAAABAAEAAAICTAEAOw==\" style=\"--smush-placeholder-width: 1200px; --smush-placeholder-aspect-ratio: 1200\/635;\" \/><\/p>\n<p><strong>SPK22109: 60pcs\/conjunto<br \/>\n<\/strong><\/p>\n<p><img decoding=\"async\" class=\"alignnone size-full wp-image-9582 lazyload\" data-src=\"https:\/\/njspike.com\/wp-content\/uploads\/2025\/05\/SPK22109-1.jpg\" alt=\"\" width=\"1200\" height=\"571\" data-srcset=\"https:\/\/njspike.com\/wp-content\/uploads\/2025\/05\/SPK22109-1.jpg 1200w, https:\/\/njspike.com\/wp-content\/smush-webp\/2025\/05\/SPK22109-1-300x143.jpg.webp 300w, https:\/\/njspike.com\/wp-content\/smush-webp\/2025\/05\/SPK22109-1-1024x487.jpg.webp 1024w, https:\/\/njspike.com\/wp-content\/smush-webp\/2025\/05\/SPK22109-1-768x365.jpg.webp 768w, https:\/\/njspike.com\/wp-content\/smush-webp\/2025\/05\/SPK22109-1-18x9.jpg.webp 18w, https:\/\/njspike.com\/wp-content\/smush-webp\/2025\/05\/SPK22109-1-600x286.jpg.webp 600w\" data-sizes=\"(max-width: 1200px) 100vw, 1200px\" src=\"data:image\/gif;base64,R0lGODlhAQABAAAAACH5BAEKAAEALAAAAAABAAEAAAICTAEAOw==\" style=\"--smush-placeholder-width: 1200px; --smush-placeholder-aspect-ratio: 1200\/571;\" \/><\/p>","protected":false},"excerpt":{"rendered":"<p>Product introduction: Outdoor physical fitness games are composed of main parts, connectors, additional accessories, advanced bags and storage materials. The main parts, connectors, additional accessories and advanced bags can build a variety of sports paths to allow children to experience the fun and challenges of sports in sports games. Product features: Child-friendly design, safe, stable [&hellip;]<\/p>","protected":false},"featured_media":9581,"template":"","meta":[],"product_brand":[],"product_cat":[243],"product_tag":[],"class_list":{"0":"post-9563","1":"product","2":"type-product","3":"status-publish","4":"has-post-thumbnail","6":"product_cat-sensory-training-equipment-preschool-education","8":"first","9":"instock","10":"shipping-taxable","11":"product-type-simple"},"yoast_head":"<!-- This site is optimized with the Yoast SEO Premium plugin v24.5 (Yoast SEO v27.5) - https:\/\/yoast.com\/product\/yoast-seo-premium-wordpress\/ -->\n<title>SPK221 Children Plastic Sensory Training Equipment - SPIKE<\/title>\n<meta name=\"robots\" content=\"index, follow, max-snippet:-1, max-image-preview:large, max-video-preview:-1\" \/>\n<link rel=\"canonical\" href=\"https:\/\/njspike.com\/pt\/produto\/spk221-children-plastic-sensory-training-equipment\/\" \/>\n<meta property=\"og:locale\" content=\"pt_PT\" \/>\n<meta property=\"og:type\" content=\"article\" \/>\n<meta property=\"og:title\" content=\"SPK221 Children Plastic Sensory Training Equipment\" \/>\n<meta property=\"og:description\" content=\"Product introduction: Outdoor physical fitness games are composed of main parts, connectors, additional accessories, advanced bags and storage materials. The main parts, connectors, additional accessories and advanced bags can build a variety of sports paths to allow children to experience the fun and challenges of sports in sports games. Product features: Child-friendly design, safe, stable [&hellip;]\" \/>\n<meta property=\"og:url\" content=\"https:\/\/njspike.com\/pt\/produto\/spk221-children-plastic-sensory-training-equipment\/\" \/>\n<meta property=\"og:site_name\" content=\"SPIKE\" \/>\n<meta property=\"article:publisher\" content=\"https:\/\/www.facebook.com\/spikeamusement\" \/>\n<meta property=\"article:modified_time\" content=\"2025-05-14T09:12:09+00:00\" \/>\n<meta property=\"og:image\" content=\"https:\/\/njspike.com\/wp-content\/uploads\/2025\/05\/SPK22109.jpg\" \/>\n\t<meta property=\"og:image:width\" content=\"1200\" \/>\n\t<meta property=\"og:image:height\" content=\"1200\" \/>\n\t<meta property=\"og:image:type\" content=\"image\/jpeg\" \/>\n<meta name=\"twitter:card\" content=\"summary_large_image\" \/>\n<meta name=\"twitter:label1\" content=\"Tempo estimado de leitura\" \/>\n\t<meta name=\"twitter:data1\" content=\"3 minutos\" \/>\n<script type=\"application\/ld+json\" class=\"yoast-schema-graph\">{\"@context\":\"https:\\\/\\\/schema.org\",\"@graph\":[{\"@type\":\"WebPage\",\"@id\":\"https:\\\/\\\/njspike.com\\\/product\\\/spk221-children-plastic-sensory-training-equipment\\\/\",\"url\":\"https:\\\/\\\/njspike.com\\\/product\\\/spk221-children-plastic-sensory-training-equipment\\\/\",\"name\":\"SPK221 Children Plastic Sensory Training Equipment - SPIKE\",\"isPartOf\":{\"@id\":\"https:\\\/\\\/njspike.com\\\/#website\"},\"primaryImageOfPage\":{\"@id\":\"https:\\\/\\\/njspike.com\\\/product\\\/spk221-children-plastic-sensory-training-equipment\\\/#primaryimage\"},\"image\":{\"@id\":\"https:\\\/\\\/njspike.com\\\/product\\\/spk221-children-plastic-sensory-training-equipment\\\/#primaryimage\"},\"thumbnailUrl\":\"https:\\\/\\\/njspike.com\\\/wp-content\\\/uploads\\\/2025\\\/05\\\/SPK22109.jpg\",\"datePublished\":\"2025-05-14T09:00:30+00:00\",\"dateModified\":\"2025-05-14T09:12:09+00:00\",\"breadcrumb\":{\"@id\":\"https:\\\/\\\/njspike.com\\\/product\\\/spk221-children-plastic-sensory-training-equipment\\\/#breadcrumb\"},\"inLanguage\":\"pt-PT\",\"potentialAction\":[{\"@type\":\"ReadAction\",\"target\":[\"https:\\\/\\\/njspike.com\\\/product\\\/spk221-children-plastic-sensory-training-equipment\\\/\"]}]},{\"@type\":\"ImageObject\",\"inLanguage\":\"pt-PT\",\"@id\":\"https:\\\/\\\/njspike.com\\\/product\\\/spk221-children-plastic-sensory-training-equipment\\\/#primaryimage\",\"url\":\"https:\\\/\\\/njspike.com\\\/wp-content\\\/uploads\\\/2025\\\/05\\\/SPK22109.jpg\",\"contentUrl\":\"https:\\\/\\\/njspike.com\\\/wp-content\\\/uploads\\\/2025\\\/05\\\/SPK22109.jpg\",\"width\":1200,\"height\":1200},{\"@type\":\"BreadcrumbList\",\"@id\":\"https:\\\/\\\/njspike.com\\\/product\\\/spk221-children-plastic-sensory-training-equipment\\\/#breadcrumb\",\"itemListElement\":[{\"@type\":\"ListItem\",\"position\":1,\"name\":\"SPIKE\",\"item\":\"https:\\\/\\\/njspike.com\\\/\"},{\"@type\":\"ListItem\",\"position\":2,\"name\":\"\u4ea7\u54c1\",\"item\":\"https:\\\/\\\/njspike.com\\\/shop\\\/\"},{\"@type\":\"ListItem\",\"position\":3,\"name\":\"SPK221 Children Plastic Sensory Training Equipment\"}]},{\"@type\":\"WebSite\",\"@id\":\"https:\\\/\\\/njspike.com\\\/#website\",\"url\":\"https:\\\/\\\/njspike.com\\\/\",\"name\":\"Children Playground\",\"description\":\"Professional Children Playground Supplier\",\"publisher\":{\"@id\":\"https:\\\/\\\/njspike.com\\\/#organization\"},\"potentialAction\":[{\"@type\":\"SearchAction\",\"target\":{\"@type\":\"EntryPoint\",\"urlTemplate\":\"https:\\\/\\\/njspike.com\\\/?s={search_term_string}\"},\"query-input\":{\"@type\":\"PropertyValueSpecification\",\"valueRequired\":true,\"valueName\":\"search_term_string\"}}],\"inLanguage\":\"pt-PT\"},{\"@type\":\"Organization\",\"@id\":\"https:\\\/\\\/njspike.com\\\/#organization\",\"name\":\"Spike Anusement Equipments\",\"url\":\"https:\\\/\\\/njspike.com\\\/\",\"logo\":{\"@type\":\"ImageObject\",\"inLanguage\":\"pt-PT\",\"@id\":\"https:\\\/\\\/njspike.com\\\/#\\\/schema\\\/logo\\\/image\\\/\",\"url\":\"https:\\\/\\\/njspike.com\\\/wp-content\\\/uploads\\\/2023\\\/05\\\/logo-\u5c0f.png\",\"contentUrl\":\"https:\\\/\\\/njspike.com\\\/wp-content\\\/uploads\\\/2023\\\/05\\\/logo-\u5c0f.png\",\"width\":500,\"height\":233,\"caption\":\"Spike Anusement Equipments\"},\"image\":{\"@id\":\"https:\\\/\\\/njspike.com\\\/#\\\/schema\\\/logo\\\/image\\\/\"},\"sameAs\":[\"https:\\\/\\\/www.facebook.com\\\/spikeamusement\"]}]}<\/script>\n<!-- \/ Yoast SEO Premium plugin. -->","yoast_head_json":{"title":"SPK221 Children Plastic Sensory Training Equipment - SPIKE","robots":{"index":"index","follow":"follow","max-snippet":"max-snippet:-1","max-image-preview":"max-image-preview:large","max-video-preview":"max-video-preview:-1"},"canonical":"https:\/\/njspike.com\/pt\/produto\/spk221-children-plastic-sensory-training-equipment\/","og_locale":"pt_PT","og_type":"article","og_title":"SPK221 Children Plastic Sensory Training Equipment","og_description":"Product introduction: Outdoor physical fitness games are composed of main parts, connectors, additional accessories, advanced bags and storage materials. The main parts, connectors, additional accessories and advanced bags can build a variety of sports paths to allow children to experience the fun and challenges of sports in sports games. Product features: Child-friendly design, safe, stable [&hellip;]","og_url":"https:\/\/njspike.com\/pt\/produto\/spk221-children-plastic-sensory-training-equipment\/","og_site_name":"SPIKE","article_publisher":"https:\/\/www.facebook.com\/spikeamusement","article_modified_time":"2025-05-14T09:12:09+00:00","og_image":[{"width":1200,"height":1200,"url":"https:\/\/njspike.com\/wp-content\/uploads\/2025\/05\/SPK22109.jpg","type":"image\/jpeg"}],"twitter_card":"summary_large_image","twitter_misc":{"Tempo estimado de leitura":"3 minutos"},"schema":{"@context":"https:\/\/schema.org","@graph":[{"@type":"WebPage","@id":"https:\/\/njspike.com\/product\/spk221-children-plastic-sensory-training-equipment\/","url":"https:\/\/njspike.com\/product\/spk221-children-plastic-sensory-training-equipment\/","name":"SPK221 Children Plastic Sensory Training Equipment - SPIKE","isPartOf":{"@id":"https:\/\/njspike.com\/#website"},"primaryImageOfPage":{"@id":"https:\/\/njspike.com\/product\/spk221-children-plastic-sensory-training-equipment\/#primaryimage"},"image":{"@id":"https:\/\/njspike.com\/product\/spk221-children-plastic-sensory-training-equipment\/#primaryimage"},"thumbnailUrl":"https:\/\/njspike.com\/wp-content\/uploads\/2025\/05\/SPK22109.jpg","datePublished":"2025-05-14T09:00:30+00:00","dateModified":"2025-05-14T09:12:09+00:00","breadcrumb":{"@id":"https:\/\/njspike.com\/product\/spk221-children-plastic-sensory-training-equipment\/#breadcrumb"},"inLanguage":"pt-PT","potentialAction":[{"@type":"ReadAction","target":["https:\/\/njspike.com\/product\/spk221-children-plastic-sensory-training-equipment\/"]}]},{"@type":"ImageObject","inLanguage":"pt-PT","@id":"https:\/\/njspike.com\/product\/spk221-children-plastic-sensory-training-equipment\/#primaryimage","url":"https:\/\/njspike.com\/wp-content\/uploads\/2025\/05\/SPK22109.jpg","contentUrl":"https:\/\/njspike.com\/wp-content\/uploads\/2025\/05\/SPK22109.jpg","width":1200,"height":1200},{"@type":"BreadcrumbList","@id":"https:\/\/njspike.com\/product\/spk221-children-plastic-sensory-training-equipment\/#breadcrumb","itemListElement":[{"@type":"ListItem","position":1,"name":"SPIKE","item":"https:\/\/njspike.com\/"},{"@type":"ListItem","position":2,"name":"\u4ea7\u54c1","item":"https:\/\/njspike.com\/shop\/"},{"@type":"ListItem","position":3,"name":"SPK221 Children Plastic Sensory Training Equipment"}]},{"@type":"WebSite","@id":"https:\/\/njspike.com\/#website","url":"https:\/\/njspike.com\/","name":"Children Playground","description":"Professional Children Playground Supplier","publisher":{"@id":"https:\/\/njspike.com\/#organization"},"potentialAction":[{"@type":"SearchAction","target":{"@type":"EntryPoint","urlTemplate":"https:\/\/njspike.com\/?s={search_term_string}"},"query-input":{"@type":"PropertyValueSpecification","valueRequired":true,"valueName":"search_term_string"}}],"inLanguage":"pt-PT"},{"@type":"Organization","@id":"https:\/\/njspike.com\/#organization","name":"Spike Anusement Equipments","url":"https:\/\/njspike.com\/","logo":{"@type":"ImageObject","inLanguage":"pt-PT","@id":"https:\/\/njspike.com\/#\/schema\/logo\/image\/","url":"https:\/\/njspike.com\/wp-content\/uploads\/2023\/05\/logo-\u5c0f.png","contentUrl":"https:\/\/njspike.com\/wp-content\/uploads\/2023\/05\/logo-\u5c0f.png","width":500,"height":233,"caption":"Spike Anusement Equipments"},"image":{"@id":"https:\/\/njspike.com\/#\/schema\/logo\/image\/"},"sameAs":["https:\/\/www.facebook.com\/spikeamusement"]}]}},"_links":{"self":[{"href":"https:\/\/njspike.com\/pt\/wp-json\/wp\/v2\/product\/9563","targetHints":{"allow":["GET"]}}],"collection":[{"href":"https:\/\/njspike.com\/pt\/wp-json\/wp\/v2\/product"}],"about":[{"href":"https:\/\/njspike.com\/pt\/wp-json\/wp\/v2\/types\/product"}],"version-history":[{"count":4,"href":"https:\/\/njspike.com\/pt\/wp-json\/wp\/v2\/product\/9563\/revisions"}],"predecessor-version":[{"id":9590,"href":"https:\/\/njspike.com\/pt\/wp-json\/wp\/v2\/product\/9563\/revisions\/9590"}],"wp:featuredmedia":[{"embeddable":true,"href":"https:\/\/njspike.com\/pt\/wp-json\/wp\/v2\/media\/9581"}],"wp:attachment":[{"href":"https:\/\/njspike.com\/pt\/wp-json\/wp\/v2\/media?parent=9563"}],"wp:term":[{"taxonomy":"product_brand","embeddable":true,"href":"https:\/\/njspike.com\/pt\/wp-json\/wp\/v2\/product_brand?post=9563"},{"taxonomy":"product_cat","embeddable":true,"href":"https:\/\/njspike.com\/pt\/wp-json\/wp\/v2\/product_cat?post=9563"},{"taxonomy":"product_tag","embeddable":true,"href":"https:\/\/njspike.com\/pt\/wp-json\/wp\/v2\/product_tag?post=9563"}],"curies":[{"name":"wp","href":"https:\/\/api.w.org\/{rel}","templated":true}]}}